{"id":14942,"date":"2025-01-17T09:55:48","date_gmt":"2025-01-17T09:55:48","guid":{"rendered":"https:\/\/promochaudiere.be\/produit\/comap-meibes-collecteur-21-m663012\/"},"modified":"2026-02-03T18:16:00","modified_gmt":"2026-02-03T17:16:00","slug":"comap-meibes-collecteur-21-m663012","status":"publish","type":"product","link":"https:\/\/promochaudiere.be\/nl\/product\/comap-meibes-collecteur-21-m663012\/","title":{"rendered":"Comap Meibes collecteur 2+1  M663012"},"content":{"rendered":"<p>Ce collecteur est con\u00e7u pour optimiser la distribution de l\u2019eau dans les syst\u00e8mes de chauffage. Avec ses sorties 2+1, il assure une r\u00e9partition efficace du fluide caloporteur. Fabriqu\u00e9 avec des mat\u00e9riaux robustes, il garantit une longue dur\u00e9e de vie. Il facilite l\u2019installation des circuits de chauffage et am\u00e9liore leur performance. Son montage est rapide et s\u00e9curis\u00e9 pour une mise en \u0153uvre simplifi\u00e9e. Un accessoire essentiel pour une gestion thermique optimale.<\/p>","protected":false},"excerpt":{"rendered":"<p>Comap Meibes collecteur 2+1  M663012<\/p>","protected":false},"featured_media":22123,"comment_status":"open","ping_status":"closed","template":"","meta":[],"product_brand":[],"product_cat":[5541,8840],"product_tag":[],"class_list":{"0":"post-14942","1":"product","2":"type-product","3":"status-publish","4":"has-post-thumbnail","6":"product_cat-groupe-de-pompe","7":"product_cat-test","8":"pa_marque-comap","10":"first","11":"instock","12":"sale","13":"taxable","14":"shipping-taxable","15":"purchasable","16":"product-type-simple"},"aioseo_notices":[],"_links":{"self":[{"href":"https:\/\/promochaudiere.be\/nl\/wp-json\/wp\/v2\/product\/14942","targetHints":{"allow":["GET"]}}],"collection":[{"href":"https:\/\/promochaudiere.be\/nl\/wp-json\/wp\/v2\/product"}],"about":[{"href":"https:\/\/promochaudiere.be\/nl\/wp-json\/wp\/v2\/types\/product"}],"replies":[{"embeddable":true,"href":"https:\/\/promochaudiere.be\/nl\/wp-json\/wp\/v2\/comments?post=14942"}],"version-history":[{"count":1,"href":"https:\/\/promochaudiere.be\/nl\/wp-json\/wp\/v2\/product\/14942\/revisions"}],"predecessor-version":[{"id":45228,"href":"https:\/\/promochaudiere.be\/nl\/wp-json\/wp\/v2\/product\/14942\/revisions\/45228"}],"wp:featuredmedia":[{"embeddable":true,"href":"https:\/\/promochaudiere.be\/nl\/wp-json\/wp\/v2\/media\/22123"}],"wp:attachment":[{"href":"https:\/\/promochaudiere.be\/nl\/wp-json\/wp\/v2\/media?parent=14942"}],"wp:term":[{"taxonomy":"product_brand","embeddable":true,"href":"https:\/\/promochaudiere.be\/nl\/wp-json\/wp\/v2\/product_brand?post=14942"},{"taxonomy":"product_cat","embeddable":true,"href":"https:\/\/promochaudiere.be\/nl\/wp-json\/wp\/v2\/product_cat?post=14942"},{"taxonomy":"product_tag","embeddable":true,"href":"https:\/\/promochaudiere.be\/nl\/wp-json\/wp\/v2\/product_tag?post=14942"}],"curies":[{"name":"wp","href":"https:\/\/api.w.org\/{rel}","templated":true}]}}