{"id":14956,"date":"2025-01-17T09:55:55","date_gmt":"2025-01-17T09:55:55","guid":{"rendered":"https:\/\/promochaudiere.be\/produit\/zehnder-comfosense-67-unite-de-commande-digitale-avec-boitier-655010215\/"},"modified":"2026-02-03T18:15:58","modified_gmt":"2026-02-03T17:15:58","slug":"zehnder-comfosense-67-unite-de-commande-digitale-avec-boitier-655010215","status":"publish","type":"product","link":"https:\/\/promochaudiere.be\/nl\/product\/zehnder-comfosense-67-unite-de-commande-digitale-avec-boitier-655010215\/","title":{"rendered":"Zehnder ComfoSense 67 unit\u00e9 de commande digitale (avec bo\u00eetier) 655010215"},"content":{"rendered":"<p>Cette unit\u00e9 de commande Zehnder ComfoSense 67 permet de contr\u00f4ler facilement les syst\u00e8mes de ventilation. Son \u00e9cran digital offre une interface claire et intuitive pour ajuster les r\u00e9glages en fonction des besoins. Compatible avec les unit\u00e9s ComfoAir Q, elle assure un fonctionnement efficace. Un accessoire essentiel pour un confort personnalis\u00e9.<\/p>","protected":false},"excerpt":{"rendered":"<p>Zehnder ComfoSense 67 unit\u00e9 de commande digitale (avec bo\u00eetier) 655010215<\/p>","protected":false},"featured_media":22546,"comment_status":"open","ping_status":"closed","template":"","meta":[],"product_brand":[],"product_cat":[10895,8840],"product_tag":[],"class_list":{"0":"post-14956","1":"product","2":"type-product","3":"status-publish","4":"has-post-thumbnail","6":"product_cat-accessoires-zehnder","7":"product_cat-test","8":"pa_marque-zehnder","10":"first","11":"instock","12":"sale","13":"taxable","14":"shipping-taxable","15":"purchasable","16":"product-type-simple"},"aioseo_notices":[],"_links":{"self":[{"href":"https:\/\/promochaudiere.be\/nl\/wp-json\/wp\/v2\/product\/14956","targetHints":{"allow":["GET"]}}],"collection":[{"href":"https:\/\/promochaudiere.be\/nl\/wp-json\/wp\/v2\/product"}],"about":[{"href":"https:\/\/promochaudiere.be\/nl\/wp-json\/wp\/v2\/types\/product"}],"replies":[{"embeddable":true,"href":"https:\/\/promochaudiere.be\/nl\/wp-json\/wp\/v2\/comments?post=14956"}],"version-history":[{"count":1,"href":"https:\/\/promochaudiere.be\/nl\/wp-json\/wp\/v2\/product\/14956\/revisions"}],"predecessor-version":[{"id":52903,"href":"https:\/\/promochaudiere.be\/nl\/wp-json\/wp\/v2\/product\/14956\/revisions\/52903"}],"wp:featuredmedia":[{"embeddable":true,"href":"https:\/\/promochaudiere.be\/nl\/wp-json\/wp\/v2\/media\/22546"}],"wp:attachment":[{"href":"https:\/\/promochaudiere.be\/nl\/wp-json\/wp\/v2\/media?parent=14956"}],"wp:term":[{"taxonomy":"product_brand","embeddable":true,"href":"https:\/\/promochaudiere.be\/nl\/wp-json\/wp\/v2\/product_brand?post=14956"},{"taxonomy":"product_cat","embeddable":true,"href":"https:\/\/promochaudiere.be\/nl\/wp-json\/wp\/v2\/product_cat?post=14956"},{"taxonomy":"product_tag","embeddable":true,"href":"https:\/\/promochaudiere.be\/nl\/wp-json\/wp\/v2\/product_tag?post=14956"}],"curies":[{"name":"wp","href":"https:\/\/api.w.org\/{rel}","templated":true}]}}