{"id":14957,"date":"2025-01-17T09:55:55","date_gmt":"2025-01-17T09:55:55","guid":{"rendered":"https:\/\/promochaudiere.be\/produit\/bosch-distributeur-circuit-cc-pour-montage-mural-2-circuits-50kw-8718599377\/"},"modified":"2026-02-03T19:40:05","modified_gmt":"2026-02-03T18:40:05","slug":"bosch-distributeur-circuit-cc-pour-montage-mural-2-circuits-50kw-8718599377","status":"publish","type":"product","link":"https:\/\/promochaudiere.be\/nl\/product\/bosch-distributeur-circuit-cc-pour-montage-mural-2-circuits-50kw-8718599377\/","title":{"rendered":"BOSCH DISTRIBUTEUR CIRCUIT CC POUR MONTAGE MURAL 2 CIRCUITS 50KW 8718599377"},"content":{"rendered":"<p>Le distributeur de circuit CC Bosch est un \u00e9l\u00e9ment essentiel pour assurer une r\u00e9partition efficace de l\u2019eau chaude dans votre installation de chauffage. Con\u00e7u pour un montage mural, il optimise le fonctionnement des circuits tout en garantissant une distribution \u00e9quilibr\u00e9e de la chaleur. Sa conception robuste assure une longue dur\u00e9e de vie et une installation simplifi\u00e9e. Id\u00e9al pour les syst\u00e8mes de chauffage n\u00e9cessitant plusieurs circuits.<\/p>","protected":false},"excerpt":{"rendered":"<p>BOSCH DISTRIBUTEUR CIRCUIT CC POUR MONTAGE MURAL 2 CIRCUITS 50KW 8718599377<\/p>","protected":false},"featured_media":21610,"comment_status":"open","ping_status":"closed","template":"","meta":[],"product_brand":[],"product_cat":[9489,8840],"product_tag":[],"class_list":{"0":"post-14957","1":"product","2":"type-product","3":"status-publish","4":"has-post-thumbnail","6":"product_cat-accessoire-de-raccordement-bosch","7":"product_cat-test","8":"pa_marque-bosch","10":"first","11":"instock","12":"sale","13":"taxable","14":"shipping-taxable","15":"purchasable","16":"product-type-simple"},"aioseo_notices":[],"_links":{"self":[{"href":"https:\/\/promochaudiere.be\/nl\/wp-json\/wp\/v2\/product\/14957","targetHints":{"allow":["GET"]}}],"collection":[{"href":"https:\/\/promochaudiere.be\/nl\/wp-json\/wp\/v2\/product"}],"about":[{"href":"https:\/\/promochaudiere.be\/nl\/wp-json\/wp\/v2\/types\/product"}],"replies":[{"embeddable":true,"href":"https:\/\/promochaudiere.be\/nl\/wp-json\/wp\/v2\/comments?post=14957"}],"version-history":[{"count":1,"href":"https:\/\/promochaudiere.be\/nl\/wp-json\/wp\/v2\/product\/14957\/revisions"}],"predecessor-version":[{"id":45218,"href":"https:\/\/promochaudiere.be\/nl\/wp-json\/wp\/v2\/product\/14957\/revisions\/45218"}],"wp:featuredmedia":[{"embeddable":true,"href":"https:\/\/promochaudiere.be\/nl\/wp-json\/wp\/v2\/media\/21610"}],"wp:attachment":[{"href":"https:\/\/promochaudiere.be\/nl\/wp-json\/wp\/v2\/media?parent=14957"}],"wp:term":[{"taxonomy":"product_brand","embeddable":true,"href":"https:\/\/promochaudiere.be\/nl\/wp-json\/wp\/v2\/product_brand?post=14957"},{"taxonomy":"product_cat","embeddable":true,"href":"https:\/\/promochaudiere.be\/nl\/wp-json\/wp\/v2\/product_cat?post=14957"},{"taxonomy":"product_tag","embeddable":true,"href":"https:\/\/promochaudiere.be\/nl\/wp-json\/wp\/v2\/product_tag?post=14957"}],"curies":[{"name":"wp","href":"https:\/\/api.w.org\/{rel}","templated":true}]}}