{"id":14960,"date":"2025-01-17T09:55:56","date_gmt":"2025-01-17T09:55:56","guid":{"rendered":"https:\/\/promochaudiere.be\/produit\/bulex-vanne-3-voies-et-moteur-s1025500\/"},"modified":"2026-02-03T18:16:00","modified_gmt":"2026-02-03T17:16:00","slug":"bulex-vanne-3-voies-et-moteur-s1025500","status":"publish","type":"product","link":"https:\/\/promochaudiere.be\/nl\/product\/bulex-vanne-3-voies-et-moteur-s1025500\/","title":{"rendered":"Bulex  vanne 3 voies et moteur S1025500"},"content":{"rendered":"<p>Cette vanne 3 voies Bulex avec moteur int\u00e9gr\u00e9 assure une r\u00e9gulation optimale du circuit de chauffage et de l\u2019eau sanitaire. Elle garantit une distribution efficace de la chaleur et optimise le rendement \u00e9nerg\u00e9tique. Con\u00e7ue pour une compatibilit\u00e9 parfaite avec les chaudi\u00e8res Bulex, elle assure une installation simple et rapide. Son moteur performant permet un fonctionnement fluide et silencieux. Un \u00e9l\u00e9ment cl\u00e9 pour am\u00e9liorer la gestion du chauffage domestique.<\/p>","protected":false},"excerpt":{"rendered":"<p>Bulex  vanne 3 voies et moteur S1025500<\/p>","protected":false},"featured_media":21985,"comment_status":"open","ping_status":"closed","template":"","meta":[],"product_brand":[],"product_cat":[9507,8840],"product_tag":[],"class_list":{"0":"post-14960","1":"product","2":"type-product","3":"status-publish","4":"has-post-thumbnail","6":"product_cat-pieces-detachees-bulex","7":"product_cat-test","8":"pa_marque-bulex","10":"first","11":"instock","12":"sale","13":"taxable","14":"shipping-taxable","15":"purchasable","16":"product-type-simple"},"aioseo_notices":[],"_links":{"self":[{"href":"https:\/\/promochaudiere.be\/nl\/wp-json\/wp\/v2\/product\/14960","targetHints":{"allow":["GET"]}}],"collection":[{"href":"https:\/\/promochaudiere.be\/nl\/wp-json\/wp\/v2\/product"}],"about":[{"href":"https:\/\/promochaudiere.be\/nl\/wp-json\/wp\/v2\/types\/product"}],"replies":[{"embeddable":true,"href":"https:\/\/promochaudiere.be\/nl\/wp-json\/wp\/v2\/comments?post=14960"}],"version-history":[{"count":1,"href":"https:\/\/promochaudiere.be\/nl\/wp-json\/wp\/v2\/product\/14960\/revisions"}],"predecessor-version":[{"id":45217,"href":"https:\/\/promochaudiere.be\/nl\/wp-json\/wp\/v2\/product\/14960\/revisions\/45217"}],"wp:featuredmedia":[{"embeddable":true,"href":"https:\/\/promochaudiere.be\/nl\/wp-json\/wp\/v2\/media\/21985"}],"wp:attachment":[{"href":"https:\/\/promochaudiere.be\/nl\/wp-json\/wp\/v2\/media?parent=14960"}],"wp:term":[{"taxonomy":"product_brand","embeddable":true,"href":"https:\/\/promochaudiere.be\/nl\/wp-json\/wp\/v2\/product_brand?post=14960"},{"taxonomy":"product_cat","embeddable":true,"href":"https:\/\/promochaudiere.be\/nl\/wp-json\/wp\/v2\/product_cat?post=14960"},{"taxonomy":"product_tag","embeddable":true,"href":"https:\/\/promochaudiere.be\/nl\/wp-json\/wp\/v2\/product_tag?post=14960"}],"curies":[{"name":"wp","href":"https:\/\/api.w.org\/{rel}","templated":true}]}}