{"id":14965,"date":"2025-01-17T09:55:58","date_gmt":"2025-01-17T09:55:58","guid":{"rendered":"https:\/\/promochaudiere.be\/produit\/vasco-gaine-dair-pour-beton-75mm-50m-11ve40151\/"},"modified":"2026-02-03T18:16:03","modified_gmt":"2026-02-03T17:16:03","slug":"vasco-gaine-dair-pour-beton-75mm-50m-11ve40151","status":"publish","type":"product","link":"https:\/\/promochaudiere.be\/nl\/product\/vasco-gaine-dair-pour-beton-75mm-50m-11ve40151\/","title":{"rendered":"VASCO GAINE D&rsquo;AIR POUR BETON 75MM (50M) 11VE40151"},"content":{"rendered":"<p>Cette gaine d\u2019air Vasco est sp\u00e9cialement con\u00e7ue pour \u00eatre int\u00e9gr\u00e9e dans le b\u00e9ton, garantissant une distribution efficace de l\u2019air. Son diam\u00e8tre de 75mm assure un d\u00e9bit optimal tout en maintenant une \u00e9tanch\u00e9it\u00e9 parfaite. Vendue en rouleau de 50 m\u00e8tres, elle facilite les installations sur de grandes surfaces. Id\u00e9ale pour les syst\u00e8mes de ventilation encastr\u00e9s.<\/p>","protected":false},"excerpt":{"rendered":"<p>VASCO GAINE D&rsquo;AIR POUR BETON 75MM (50M) 11VE40151<\/p>","protected":false},"featured_media":22488,"comment_status":"open","ping_status":"closed","template":"","meta":[],"product_brand":[],"product_cat":[2791,8840],"product_tag":[],"class_list":{"0":"post-14965","1":"product","2":"type-product","3":"status-publish","4":"has-post-thumbnail","6":"product_cat-accessoires-de-ventilation","7":"product_cat-test","8":"pa_marque-vasco","10":"first","11":"instock","12":"sale","13":"taxable","14":"shipping-taxable","15":"purchasable","16":"product-type-simple"},"aioseo_notices":[],"_links":{"self":[{"href":"https:\/\/promochaudiere.be\/nl\/wp-json\/wp\/v2\/product\/14965","targetHints":{"allow":["GET"]}}],"collection":[{"href":"https:\/\/promochaudiere.be\/nl\/wp-json\/wp\/v2\/product"}],"about":[{"href":"https:\/\/promochaudiere.be\/nl\/wp-json\/wp\/v2\/types\/product"}],"replies":[{"embeddable":true,"href":"https:\/\/promochaudiere.be\/nl\/wp-json\/wp\/v2\/comments?post=14965"}],"version-history":[{"count":1,"href":"https:\/\/promochaudiere.be\/nl\/wp-json\/wp\/v2\/product\/14965\/revisions"}],"predecessor-version":[{"id":52902,"href":"https:\/\/promochaudiere.be\/nl\/wp-json\/wp\/v2\/product\/14965\/revisions\/52902"}],"wp:featuredmedia":[{"embeddable":true,"href":"https:\/\/promochaudiere.be\/nl\/wp-json\/wp\/v2\/media\/22488"}],"wp:attachment":[{"href":"https:\/\/promochaudiere.be\/nl\/wp-json\/wp\/v2\/media?parent=14965"}],"wp:term":[{"taxonomy":"product_brand","embeddable":true,"href":"https:\/\/promochaudiere.be\/nl\/wp-json\/wp\/v2\/product_brand?post=14965"},{"taxonomy":"product_cat","embeddable":true,"href":"https:\/\/promochaudiere.be\/nl\/wp-json\/wp\/v2\/product_cat?post=14965"},{"taxonomy":"product_tag","embeddable":true,"href":"https:\/\/promochaudiere.be\/nl\/wp-json\/wp\/v2\/product_tag?post=14965"}],"curies":[{"name":"wp","href":"https:\/\/api.w.org\/{rel}","templated":true}]}}