{"id":14967,"date":"2025-01-17T09:55:59","date_gmt":"2025-01-17T09:55:59","guid":{"rendered":"https:\/\/promochaudiere.be\/produit\/vaillant-pompe-haute-efficacite-0010030669\/"},"modified":"2026-02-03T18:16:00","modified_gmt":"2026-02-03T17:16:00","slug":"vaillant-pompe-haute-efficacite-0010030669","status":"publish","type":"product","link":"https:\/\/promochaudiere.be\/nl\/product\/vaillant-pompe-haute-efficacite-0010030669\/","title":{"rendered":"Vaillant Pompe haute efficacit\u00e9 0010030669"},"content":{"rendered":"<p>Cette pompe Vaillant garantit une circulation optimale de l\u2019eau chaude dans les circuits de chauffage. Son moteur intelligent ajuste automatiquement la vitesse pour am\u00e9liorer l\u2019efficacit\u00e9 \u00e9nerg\u00e9tique. Son design compact permet une int\u00e9gration facile dans les chaudi\u00e8res existantes. Un accessoire cl\u00e9 pour optimiser le rendement thermique et r\u00e9duire les co\u00fbts de chauffage. Une solution durable et \u00e9conomique.<\/p>","protected":false},"excerpt":{"rendered":"<p>Vaillant Pompe haute efficacit\u00e9 0010030669<\/p>","protected":false},"featured_media":21952,"comment_status":"open","ping_status":"closed","template":"","meta":[],"product_brand":[],"product_cat":[8917,8840],"product_tag":[],"class_list":{"0":"post-14967","1":"product","2":"type-product","3":"status-publish","4":"has-post-thumbnail","6":"product_cat-pieces-detachees-vaillant","7":"product_cat-test","8":"pa_marque-vaillant","10":"first","11":"instock","12":"sale","13":"taxable","14":"shipping-taxable","15":"purchasable","16":"product-type-simple"},"aioseo_notices":[],"_links":{"self":[{"href":"https:\/\/promochaudiere.be\/nl\/wp-json\/wp\/v2\/product\/14967","targetHints":{"allow":["GET"]}}],"collection":[{"href":"https:\/\/promochaudiere.be\/nl\/wp-json\/wp\/v2\/product"}],"about":[{"href":"https:\/\/promochaudiere.be\/nl\/wp-json\/wp\/v2\/types\/product"}],"replies":[{"embeddable":true,"href":"https:\/\/promochaudiere.be\/nl\/wp-json\/wp\/v2\/comments?post=14967"}],"version-history":[{"count":1,"href":"https:\/\/promochaudiere.be\/nl\/wp-json\/wp\/v2\/product\/14967\/revisions"}],"predecessor-version":[{"id":52901,"href":"https:\/\/promochaudiere.be\/nl\/wp-json\/wp\/v2\/product\/14967\/revisions\/52901"}],"wp:featuredmedia":[{"embeddable":true,"href":"https:\/\/promochaudiere.be\/nl\/wp-json\/wp\/v2\/media\/21952"}],"wp:attachment":[{"href":"https:\/\/promochaudiere.be\/nl\/wp-json\/wp\/v2\/media?parent=14967"}],"wp:term":[{"taxonomy":"product_brand","embeddable":true,"href":"https:\/\/promochaudiere.be\/nl\/wp-json\/wp\/v2\/product_brand?post=14967"},{"taxonomy":"product_cat","embeddable":true,"href":"https:\/\/promochaudiere.be\/nl\/wp-json\/wp\/v2\/product_cat?post=14967"},{"taxonomy":"product_tag","embeddable":true,"href":"https:\/\/promochaudiere.be\/nl\/wp-json\/wp\/v2\/product_tag?post=14967"}],"curies":[{"name":"wp","href":"https:\/\/api.w.org\/{rel}","templated":true}]}}