{"id":14968,"date":"2025-01-17T09:56:00","date_gmt":"2025-01-17T09:56:00","guid":{"rendered":"https:\/\/promochaudiere.be\/produit\/vaillant-mecanisme-gaz-avec-regulateur-0020146733\/"},"modified":"2026-02-03T18:16:16","modified_gmt":"2026-02-03T17:16:16","slug":"vaillant-mecanisme-gaz-avec-regulateur-0020146733","status":"publish","type":"product","link":"https:\/\/promochaudiere.be\/nl\/product\/vaillant-mecanisme-gaz-avec-regulateur-0020146733\/","title":{"rendered":"Vaillant M\u00e9canisme gaz, avec r\u00e9gulateur 0020146733"},"content":{"rendered":"<p>Ce m\u00e9canisme gaz Vaillant garantit une r\u00e9gulation pr\u00e9cise du d\u00e9bit pour une combustion efficace. Il am\u00e9liore le rendement thermique tout en r\u00e9duisant les pertes d\u2019\u00e9nergie. Un accessoire essentiel pour assurer une utilisation s\u00e9curis\u00e9e et \u00e9conomique des chaudi\u00e8res.<\/p>","protected":false},"excerpt":{"rendered":"<p>Vaillant M\u00e9canisme gaz, avec r\u00e9gulateur 0020146733<\/p>","protected":false},"featured_media":21772,"comment_status":"open","ping_status":"closed","template":"","meta":[],"product_brand":[],"product_cat":[8917,8840],"product_tag":[],"class_list":{"0":"post-14968","1":"product","2":"type-product","3":"status-publish","4":"has-post-thumbnail","6":"product_cat-pieces-detachees-vaillant","7":"product_cat-test","8":"pa_marque-vaillant","10":"first","11":"instock","12":"sale","13":"taxable","14":"shipping-taxable","15":"purchasable","16":"product-type-simple"},"aioseo_notices":[],"_links":{"self":[{"href":"https:\/\/promochaudiere.be\/nl\/wp-json\/wp\/v2\/product\/14968","targetHints":{"allow":["GET"]}}],"collection":[{"href":"https:\/\/promochaudiere.be\/nl\/wp-json\/wp\/v2\/product"}],"about":[{"href":"https:\/\/promochaudiere.be\/nl\/wp-json\/wp\/v2\/types\/product"}],"replies":[{"embeddable":true,"href":"https:\/\/promochaudiere.be\/nl\/wp-json\/wp\/v2\/comments?post=14968"}],"version-history":[{"count":1,"href":"https:\/\/promochaudiere.be\/nl\/wp-json\/wp\/v2\/product\/14968\/revisions"}],"predecessor-version":[{"id":52900,"href":"https:\/\/promochaudiere.be\/nl\/wp-json\/wp\/v2\/product\/14968\/revisions\/52900"}],"wp:featuredmedia":[{"embeddable":true,"href":"https:\/\/promochaudiere.be\/nl\/wp-json\/wp\/v2\/media\/21772"}],"wp:attachment":[{"href":"https:\/\/promochaudiere.be\/nl\/wp-json\/wp\/v2\/media?parent=14968"}],"wp:term":[{"taxonomy":"product_brand","embeddable":true,"href":"https:\/\/promochaudiere.be\/nl\/wp-json\/wp\/v2\/product_brand?post=14968"},{"taxonomy":"product_cat","embeddable":true,"href":"https:\/\/promochaudiere.be\/nl\/wp-json\/wp\/v2\/product_cat?post=14968"},{"taxonomy":"product_tag","embeddable":true,"href":"https:\/\/promochaudiere.be\/nl\/wp-json\/wp\/v2\/product_tag?post=14968"}],"curies":[{"name":"wp","href":"https:\/\/api.w.org\/{rel}","templated":true}]}}