{"id":14969,"date":"2025-01-17T09:56:00","date_gmt":"2025-01-17T09:56:00","guid":{"rendered":"https:\/\/promochaudiere.be\/produit\/vaillant-extracteur-ventilateur-0020135138\/"},"modified":"2026-02-03T18:16:00","modified_gmt":"2026-02-03T17:16:00","slug":"vaillant-extracteur-ventilateur-0020135138","status":"publish","type":"product","link":"https:\/\/promochaudiere.be\/nl\/product\/vaillant-extracteur-ventilateur-0020135138\/","title":{"rendered":"Vaillant Extracteur \/ Ventilateur 0020135138"},"content":{"rendered":"<p>Cet extracteur Vaillant assure une \u00e9vacuation efficace des fum\u00e9es et am\u00e9liore la combustion dans les chaudi\u00e8res. Il garantit un fonctionnement stable et s\u00e9curis\u00e9. Con\u00e7u pour \u00eatre r\u00e9sistant, il assure une longue dur\u00e9e de vie. Un \u00e9l\u00e9ment cl\u00e9 pour optimiser la performance thermique et la s\u00e9curit\u00e9.<\/p>","protected":false},"excerpt":{"rendered":"<p>Vaillant Extracteur \/ Ventilateur 0020135138<\/p>","protected":false},"featured_media":21891,"comment_status":"open","ping_status":"closed","template":"","meta":[],"product_brand":[],"product_cat":[8917,8840],"product_tag":[],"class_list":{"0":"post-14969","1":"product","2":"type-product","3":"status-publish","4":"has-post-thumbnail","6":"product_cat-pieces-detachees-vaillant","7":"product_cat-test","8":"pa_marque-vaillant","10":"first","11":"instock","12":"sale","13":"taxable","14":"shipping-taxable","15":"purchasable","16":"product-type-simple"},"aioseo_notices":[],"_links":{"self":[{"href":"https:\/\/promochaudiere.be\/nl\/wp-json\/wp\/v2\/product\/14969","targetHints":{"allow":["GET"]}}],"collection":[{"href":"https:\/\/promochaudiere.be\/nl\/wp-json\/wp\/v2\/product"}],"about":[{"href":"https:\/\/promochaudiere.be\/nl\/wp-json\/wp\/v2\/types\/product"}],"replies":[{"embeddable":true,"href":"https:\/\/promochaudiere.be\/nl\/wp-json\/wp\/v2\/comments?post=14969"}],"version-history":[{"count":1,"href":"https:\/\/promochaudiere.be\/nl\/wp-json\/wp\/v2\/product\/14969\/revisions"}],"predecessor-version":[{"id":52899,"href":"https:\/\/promochaudiere.be\/nl\/wp-json\/wp\/v2\/product\/14969\/revisions\/52899"}],"wp:featuredmedia":[{"embeddable":true,"href":"https:\/\/promochaudiere.be\/nl\/wp-json\/wp\/v2\/media\/21891"}],"wp:attachment":[{"href":"https:\/\/promochaudiere.be\/nl\/wp-json\/wp\/v2\/media?parent=14969"}],"wp:term":[{"taxonomy":"product_brand","embeddable":true,"href":"https:\/\/promochaudiere.be\/nl\/wp-json\/wp\/v2\/product_brand?post=14969"},{"taxonomy":"product_cat","embeddable":true,"href":"https:\/\/promochaudiere.be\/nl\/wp-json\/wp\/v2\/product_cat?post=14969"},{"taxonomy":"product_tag","embeddable":true,"href":"https:\/\/promochaudiere.be\/nl\/wp-json\/wp\/v2\/product_tag?post=14969"}],"curies":[{"name":"wp","href":"https:\/\/api.w.org\/{rel}","templated":true}]}}