{"id":14992,"date":"2025-01-17T09:56:12","date_gmt":"2025-01-17T09:56:12","guid":{"rendered":"https:\/\/promochaudiere.be\/produit\/armoire-pour-devidoir-3-4-4-4-1000x790x300-blanc-8931183\/"},"modified":"2026-02-03T18:16:00","modified_gmt":"2026-02-03T17:16:00","slug":"armoire-pour-devidoir-3-4-4-4-1000x790x300-blanc-8931183","status":"publish","type":"product","link":"https:\/\/promochaudiere.be\/nl\/product\/armoire-pour-devidoir-3-4-4-4-1000x790x300-blanc-8931183\/","title":{"rendered":"ARMOIRE POUR DEVIDOIR 3\/4&Prime;-4\/4&Prime; 1000X790X300 BLANC 8931183"},"content":{"rendered":"<p>L&rsquo;armoire pour d\u00e9vidoir 3\/4&Prime;-4\/4&Prime; est con\u00e7ue pour offrir une solution pratique et \u00e9l\u00e9gante de rangement et de protection de vos \u00e9quipements de tuyauterie. Avec des dimensions de 1000 x 790 x 300 mm, cette armoire offre un espace optimis\u00e9 pour s\u00e9curiser et organiser vos d\u00e9vidoirs, garantissant ainsi leur long\u00e9vit\u00e9 et leur fonctionnement optimal. Fabriqu\u00e9e dans un mat\u00e9riau robuste et durable, cette armoire r\u00e9siste aux intemp\u00e9ries, ce qui la rend id\u00e9ale pour une utilisation en int\u00e9rieur comme en ext\u00e9rieur.<\/p>","protected":false},"excerpt":{"rendered":"<p>ARMOIRE POUR DEVIDOIR 3\/4&Prime;-4\/4&Prime; 1000X790X300 BLANC 8931183<\/p>","protected":false},"featured_media":21393,"comment_status":"open","ping_status":"closed","template":"","meta":[],"product_brand":[],"product_cat":[5551,8840],"product_tag":[],"class_list":{"0":"post-14992","1":"product","2":"type-product","3":"status-publish","4":"has-post-thumbnail","6":"product_cat-protection-incendie","7":"product_cat-test","9":"first","10":"instock","11":"sale","12":"taxable","13":"shipping-taxable","14":"purchasable","15":"product-type-simple"},"aioseo_notices":[],"_links":{"self":[{"href":"https:\/\/promochaudiere.be\/nl\/wp-json\/wp\/v2\/product\/14992","targetHints":{"allow":["GET"]}}],"collection":[{"href":"https:\/\/promochaudiere.be\/nl\/wp-json\/wp\/v2\/product"}],"about":[{"href":"https:\/\/promochaudiere.be\/nl\/wp-json\/wp\/v2\/types\/product"}],"replies":[{"embeddable":true,"href":"https:\/\/promochaudiere.be\/nl\/wp-json\/wp\/v2\/comments?post=14992"}],"version-history":[{"count":1,"href":"https:\/\/promochaudiere.be\/nl\/wp-json\/wp\/v2\/product\/14992\/revisions"}],"predecessor-version":[{"id":52895,"href":"https:\/\/promochaudiere.be\/nl\/wp-json\/wp\/v2\/product\/14992\/revisions\/52895"}],"wp:featuredmedia":[{"embeddable":true,"href":"https:\/\/promochaudiere.be\/nl\/wp-json\/wp\/v2\/media\/21393"}],"wp:attachment":[{"href":"https:\/\/promochaudiere.be\/nl\/wp-json\/wp\/v2\/media?parent=14992"}],"wp:term":[{"taxonomy":"product_brand","embeddable":true,"href":"https:\/\/promochaudiere.be\/nl\/wp-json\/wp\/v2\/product_brand?post=14992"},{"taxonomy":"product_cat","embeddable":true,"href":"https:\/\/promochaudiere.be\/nl\/wp-json\/wp\/v2\/product_cat?post=14992"},{"taxonomy":"product_tag","embeddable":true,"href":"https:\/\/promochaudiere.be\/nl\/wp-json\/wp\/v2\/product_tag?post=14992"}],"curies":[{"name":"wp","href":"https:\/\/api.w.org\/{rel}","templated":true}]}}