{"id":14993,"date":"2025-01-17T09:56:12","date_gmt":"2025-01-17T09:56:12","guid":{"rendered":"https:\/\/promochaudiere.be\/produit\/gep-set-de-remplissage-eau-de-villeentonnoircable10m-1-2-402204\/"},"modified":"2026-02-03T19:40:05","modified_gmt":"2026-02-03T18:40:05","slug":"gep-set-de-remplissage-eau-de-villeentonnoircable10m-1-2-402204","status":"publish","type":"product","link":"https:\/\/promochaudiere.be\/nl\/product\/gep-set-de-remplissage-eau-de-villeentonnoircable10m-1-2-402204\/","title":{"rendered":"GEP Set de remplissage eau de ville+entonnoir+cable10M 1\/2&Prime; 402204"},"content":{"rendered":"<p>Ce set GEP permet un remplissage s\u00e9curis\u00e9 des syst\u00e8mes d\u2019eau de ville avec un entonnoir et un clapet anti-retour int\u00e9gr\u00e9s. Il emp\u00eache les retours d\u2019eau contamin\u00e9e dans le r\u00e9seau principal, garantissant une distribution propre et conforme aux normes sanitaires. Facile \u00e0 installer, il s\u2019adapte aux installations domestiques et industrielles. Son entonnoir facilite le remplissage sans d\u00e9bordement, assurant un usage pratique au quotidien. Id\u00e9al pour les syst\u00e8mes n\u00e9cessitant un apport r\u00e9gulier en eau. Une solution fiable pour une gestion optimale de l\u2019eau.<\/p>","protected":false},"excerpt":{"rendered":"<p>GEP Set de remplissage eau de ville+entonnoir+cable10M 1\/2&Prime; 402204<\/p>","protected":false},"featured_media":22359,"comment_status":"open","ping_status":"closed","template":"","meta":[],"product_brand":[],"product_cat":[822,8840],"product_tag":[],"class_list":{"0":"post-14993","1":"product","2":"type-product","3":"status-publish","4":"has-post-thumbnail","6":"product_cat-accessoire","7":"product_cat-test","9":"first","10":"instock","11":"sale","12":"taxable","13":"shipping-taxable","14":"purchasable","15":"product-type-simple"},"aioseo_notices":[],"_links":{"self":[{"href":"https:\/\/promochaudiere.be\/nl\/wp-json\/wp\/v2\/product\/14993","targetHints":{"allow":["GET"]}}],"collection":[{"href":"https:\/\/promochaudiere.be\/nl\/wp-json\/wp\/v2\/product"}],"about":[{"href":"https:\/\/promochaudiere.be\/nl\/wp-json\/wp\/v2\/types\/product"}],"replies":[{"embeddable":true,"href":"https:\/\/promochaudiere.be\/nl\/wp-json\/wp\/v2\/comments?post=14993"}],"version-history":[{"count":1,"href":"https:\/\/promochaudiere.be\/nl\/wp-json\/wp\/v2\/product\/14993\/revisions"}],"predecessor-version":[{"id":52894,"href":"https:\/\/promochaudiere.be\/nl\/wp-json\/wp\/v2\/product\/14993\/revisions\/52894"}],"wp:featuredmedia":[{"embeddable":true,"href":"https:\/\/promochaudiere.be\/nl\/wp-json\/wp\/v2\/media\/22359"}],"wp:attachment":[{"href":"https:\/\/promochaudiere.be\/nl\/wp-json\/wp\/v2\/media?parent=14993"}],"wp:term":[{"taxonomy":"product_brand","embeddable":true,"href":"https:\/\/promochaudiere.be\/nl\/wp-json\/wp\/v2\/product_brand?post=14993"},{"taxonomy":"product_cat","embeddable":true,"href":"https:\/\/promochaudiere.be\/nl\/wp-json\/wp\/v2\/product_cat?post=14993"},{"taxonomy":"product_tag","embeddable":true,"href":"https:\/\/promochaudiere.be\/nl\/wp-json\/wp\/v2\/product_tag?post=14993"}],"curies":[{"name":"wp","href":"https:\/\/api.w.org\/{rel}","templated":true}]}}