{"id":14996,"date":"2025-01-17T09:56:13","date_gmt":"2025-01-17T09:56:13","guid":{"rendered":"https:\/\/promochaudiere.be\/produit\/vaillant-segment-de-distribution-pour-2-groupe-de-pompage-de-type-bouteille-307556\/"},"modified":"2026-02-03T19:40:04","modified_gmt":"2026-02-03T18:40:04","slug":"vaillant-segment-de-distribution-pour-2-groupe-de-pompage-de-type-bouteille-307556","status":"publish","type":"product","link":"https:\/\/promochaudiere.be\/nl\/product\/vaillant-segment-de-distribution-pour-2-groupe-de-pompage-de-type-bouteille-307556\/","title":{"rendered":"Vaillant segment de distribution pour 2 groupe de pompage de type BOUTEILLE 307556"},"content":{"rendered":"<p>Ce segment de distribution Vaillant permet d\u2019optimiser la gestion de l\u2019eau chaude et du chauffage pour 2 groupes. Son installation rapide assure une r\u00e9partition homog\u00e8ne du fluide. Fabriqu\u00e9 en mat\u00e9riau durable, il garantit une performance optimale. Un accessoire cl\u00e9 pour un r\u00e9seau hydraulique \u00e9quilibr\u00e9.<\/p>","protected":false},"excerpt":{"rendered":"<p>Vaillant segment de distribution pour 2 groupe de pompage de type BOUTEILLE 307556<\/p>","protected":false},"featured_media":22655,"comment_status":"open","ping_status":"closed","template":"","meta":[],"product_brand":[],"product_cat":[9469,8840],"product_tag":[],"class_list":{"0":"post-14996","1":"product","2":"type-product","3":"status-publish","4":"has-post-thumbnail","6":"product_cat-accessoires-chaudieres-vaillant","7":"product_cat-test","8":"pa_marque-vaillant","10":"first","11":"instock","12":"sale","13":"taxable","14":"shipping-taxable","15":"purchasable","16":"product-type-simple"},"aioseo_notices":[],"_links":{"self":[{"href":"https:\/\/promochaudiere.be\/nl\/wp-json\/wp\/v2\/product\/14996","targetHints":{"allow":["GET"]}}],"collection":[{"href":"https:\/\/promochaudiere.be\/nl\/wp-json\/wp\/v2\/product"}],"about":[{"href":"https:\/\/promochaudiere.be\/nl\/wp-json\/wp\/v2\/types\/product"}],"replies":[{"embeddable":true,"href":"https:\/\/promochaudiere.be\/nl\/wp-json\/wp\/v2\/comments?post=14996"}],"version-history":[{"count":1,"href":"https:\/\/promochaudiere.be\/nl\/wp-json\/wp\/v2\/product\/14996\/revisions"}],"predecessor-version":[{"id":52893,"href":"https:\/\/promochaudiere.be\/nl\/wp-json\/wp\/v2\/product\/14996\/revisions\/52893"}],"wp:featuredmedia":[{"embeddable":true,"href":"https:\/\/promochaudiere.be\/nl\/wp-json\/wp\/v2\/media\/22655"}],"wp:attachment":[{"href":"https:\/\/promochaudiere.be\/nl\/wp-json\/wp\/v2\/media?parent=14996"}],"wp:term":[{"taxonomy":"product_brand","embeddable":true,"href":"https:\/\/promochaudiere.be\/nl\/wp-json\/wp\/v2\/product_brand?post=14996"},{"taxonomy":"product_cat","embeddable":true,"href":"https:\/\/promochaudiere.be\/nl\/wp-json\/wp\/v2\/product_cat?post=14996"},{"taxonomy":"product_tag","embeddable":true,"href":"https:\/\/promochaudiere.be\/nl\/wp-json\/wp\/v2\/product_tag?post=14996"}],"curies":[{"name":"wp","href":"https:\/\/api.w.org\/{rel}","templated":true}]}}