{"id":14999,"date":"2025-01-17T09:56:15","date_gmt":"2025-01-17T09:56:15","guid":{"rendered":"https:\/\/promochaudiere.be\/produit\/roth-unite-de-base-maximale-5t-dwt-de-volume-620-1500l-1135002100\/"},"modified":"2026-02-03T18:16:03","modified_gmt":"2026-02-03T17:16:03","slug":"roth-unite-de-base-maximale-5t-dwt-de-volume-620-1500l-1135002100","status":"publish","type":"product","link":"https:\/\/promochaudiere.be\/nl\/product\/roth-unite-de-base-maximale-5t-dwt-de-volume-620-1500l-1135002100\/","title":{"rendered":"Roth unit\u00e9 de base maximale 5T DWT de volume  620-1500L 1135002100"},"content":{"rendered":"<p>Cette unit\u00e9 de base Roth DWT de 1000L est con\u00e7ue pour supporter des charges allant jusqu\u2019\u00e0 5 tonnes. Son mat\u00e9riau r\u00e9sistant assure une protection optimale contre les infiltrations et les variations climatiques. Son design modulaire permet une int\u00e9gration facile aux syst\u00e8mes existants. Facile \u00e0 poser, elle garantit une gestion efficace des fluides. Un accessoire essentiel pour un stockage s\u00e9curis\u00e9 et durable.<\/p>","protected":false},"excerpt":{"rendered":"<p>Roth unit\u00e9 de base maximale 5T DWT de volume  620-1500L 1135002100<\/p>","protected":false},"featured_media":22544,"comment_status":"open","ping_status":"closed","template":"","meta":[],"product_brand":[],"product_cat":[5515,8840],"product_tag":[],"class_list":{"0":"post-14999","1":"product","2":"type-product","3":"status-publish","4":"has-post-thumbnail","6":"product_cat-accessoires-fioul","7":"product_cat-test","8":"pa_marque-roth","10":"first","11":"instock","12":"sale","13":"taxable","14":"shipping-taxable","15":"purchasable","16":"product-type-simple"},"aioseo_notices":[],"_links":{"self":[{"href":"https:\/\/promochaudiere.be\/nl\/wp-json\/wp\/v2\/product\/14999","targetHints":{"allow":["GET"]}}],"collection":[{"href":"https:\/\/promochaudiere.be\/nl\/wp-json\/wp\/v2\/product"}],"about":[{"href":"https:\/\/promochaudiere.be\/nl\/wp-json\/wp\/v2\/types\/product"}],"replies":[{"embeddable":true,"href":"https:\/\/promochaudiere.be\/nl\/wp-json\/wp\/v2\/comments?post=14999"}],"version-history":[{"count":1,"href":"https:\/\/promochaudiere.be\/nl\/wp-json\/wp\/v2\/product\/14999\/revisions"}],"predecessor-version":[{"id":52892,"href":"https:\/\/promochaudiere.be\/nl\/wp-json\/wp\/v2\/product\/14999\/revisions\/52892"}],"wp:featuredmedia":[{"embeddable":true,"href":"https:\/\/promochaudiere.be\/nl\/wp-json\/wp\/v2\/media\/22544"}],"wp:attachment":[{"href":"https:\/\/promochaudiere.be\/nl\/wp-json\/wp\/v2\/media?parent=14999"}],"wp:term":[{"taxonomy":"product_brand","embeddable":true,"href":"https:\/\/promochaudiere.be\/nl\/wp-json\/wp\/v2\/product_brand?post=14999"},{"taxonomy":"product_cat","embeddable":true,"href":"https:\/\/promochaudiere.be\/nl\/wp-json\/wp\/v2\/product_cat?post=14999"},{"taxonomy":"product_tag","embeddable":true,"href":"https:\/\/promochaudiere.be\/nl\/wp-json\/wp\/v2\/product_tag?post=14999"}],"curies":[{"name":"wp","href":"https:\/\/api.w.org\/{rel}","templated":true}]}}