{"id":15001,"date":"2025-01-17T09:56:15","date_gmt":"2025-01-17T09:56:15","guid":{"rendered":"https:\/\/promochaudiere.be\/produit\/bulex-pompe-haute-efficacite-thema-condens-f-0010032795\/"},"modified":"2026-02-03T18:16:03","modified_gmt":"2026-02-03T17:16:03","slug":"bulex-pompe-haute-efficacite-thema-condens-f-0010032795","status":"publish","type":"product","link":"https:\/\/promochaudiere.be\/product\/bulex-pompe-haute-efficacite-thema-condens-f-0010032795\/","title":{"rendered":"Bulex POMPE HAUTE EFFICACIT\u00c9 THEMA CONDENS F 0010032795"},"content":{"rendered":"<p>Cette pompe Bulex est sp\u00e9cialement con\u00e7ue pour les chaudi\u00e8res Thema Condens F, assurant une circulation fluide de l\u2019eau chaude. Son moteur intelligent ajuste sa vitesse pour maximiser l\u2019efficacit\u00e9 \u00e9nerg\u00e9tique. Elle garantit une mont\u00e9e en temp\u00e9rature rapide et un fonctionnement silencieux. Facile \u00e0 installer, elle optimise le confort thermique et r\u00e9duit la consommation d\u2019\u00e9nergie. Un \u00e9l\u00e9ment essentiel pour un chauffage efficace.<\/p>","protected":false},"excerpt":{"rendered":"<p>Bulex POMPE HAUTE EFFICACIT\u00c9 THEMA CONDENS F 0010032795<\/p>","protected":false},"featured_media":21940,"comment_status":"open","ping_status":"closed","template":"","meta":[],"product_brand":[],"product_cat":[9507,8840],"product_tag":[],"class_list":{"0":"post-15001","1":"product","2":"type-product","3":"status-publish","4":"has-post-thumbnail","6":"product_cat-pieces-detachees-bulex","7":"product_cat-test","8":"pa_marque-bulex","10":"first","11":"instock","12":"sale","13":"taxable","14":"shipping-taxable","15":"purchasable","16":"product-type-simple"},"aioseo_notices":[],"_links":{"self":[{"href":"https:\/\/promochaudiere.be\/nl\/wp-json\/wp\/v2\/product\/15001","targetHints":{"allow":["GET"]}}],"collection":[{"href":"https:\/\/promochaudiere.be\/nl\/wp-json\/wp\/v2\/product"}],"about":[{"href":"https:\/\/promochaudiere.be\/nl\/wp-json\/wp\/v2\/types\/product"}],"replies":[{"embeddable":true,"href":"https:\/\/promochaudiere.be\/nl\/wp-json\/wp\/v2\/comments?post=15001"}],"version-history":[{"count":1,"href":"https:\/\/promochaudiere.be\/nl\/wp-json\/wp\/v2\/product\/15001\/revisions"}],"predecessor-version":[{"id":45187,"href":"https:\/\/promochaudiere.be\/nl\/wp-json\/wp\/v2\/product\/15001\/revisions\/45187"}],"wp:featuredmedia":[{"embeddable":true,"href":"https:\/\/promochaudiere.be\/nl\/wp-json\/wp\/v2\/media\/21940"}],"wp:attachment":[{"href":"https:\/\/promochaudiere.be\/nl\/wp-json\/wp\/v2\/media?parent=15001"}],"wp:term":[{"taxonomy":"product_brand","embeddable":true,"href":"https:\/\/promochaudiere.be\/nl\/wp-json\/wp\/v2\/product_brand?post=15001"},{"taxonomy":"product_cat","embeddable":true,"href":"https:\/\/promochaudiere.be\/nl\/wp-json\/wp\/v2\/product_cat?post=15001"},{"taxonomy":"product_tag","embeddable":true,"href":"https:\/\/promochaudiere.be\/nl\/wp-json\/wp\/v2\/product_tag?post=15001"}],"curies":[{"name":"wp","href":"https:\/\/api.w.org\/{rel}","templated":true}]}}