{"id":15009,"date":"2025-01-17T09:56:18","date_gmt":"2025-01-17T09:56:18","guid":{"rendered":"https:\/\/promochaudiere.be\/produit\/junkers-pompe-25-6-180mm-230v-8737712138\/"},"modified":"2026-02-03T18:16:05","modified_gmt":"2026-02-03T17:16:05","slug":"junkers-pompe-25-6-180mm-230v-8737712138","status":"publish","type":"product","link":"https:\/\/promochaudiere.be\/nl\/product\/junkers-pompe-25-6-180mm-230v-8737712138\/","title":{"rendered":"JUNKERS POMPE 25-6 180MM 230V 8737712138"},"content":{"rendered":"<p>La pompe Junkers 25-6 est un \u00e9l\u00e9ment cl\u00e9 pour optimiser la circulation de l\u2019eau dans votre installation de chauffage. Son moteur performant assure un d\u00e9bit constant et une distribution homog\u00e8ne de la chaleur. Avec ses 180 mm, elle s\u2019int\u00e8gre facilement aux installations existantes. Son fonctionnement silencieux et \u00e9conome en \u00e9nergie garantit un confort accru. Con\u00e7ue pour durer, elle est un choix fiable pour am\u00e9liorer l\u2019efficacit\u00e9 de votre chauffage.<\/p>","protected":false},"excerpt":{"rendered":"<p>JUNKERS POMPE 25-6 180MM 230V 8737712138<\/p>","protected":false},"featured_media":21385,"comment_status":"open","ping_status":"closed","template":"","meta":[],"product_brand":[],"product_cat":[9485,8840],"product_tag":[],"class_list":{"0":"post-15009","1":"product","2":"type-product","3":"status-publish","4":"has-post-thumbnail","6":"product_cat-pieces-detachees-bosch","7":"product_cat-test","8":"pa_marque-bosch","10":"first","11":"instock","12":"sale","13":"taxable","14":"shipping-taxable","15":"purchasable","16":"product-type-simple"},"aioseo_notices":[],"_links":{"self":[{"href":"https:\/\/promochaudiere.be\/nl\/wp-json\/wp\/v2\/product\/15009","targetHints":{"allow":["GET"]}}],"collection":[{"href":"https:\/\/promochaudiere.be\/nl\/wp-json\/wp\/v2\/product"}],"about":[{"href":"https:\/\/promochaudiere.be\/nl\/wp-json\/wp\/v2\/types\/product"}],"replies":[{"embeddable":true,"href":"https:\/\/promochaudiere.be\/nl\/wp-json\/wp\/v2\/comments?post=15009"}],"version-history":[{"count":1,"href":"https:\/\/promochaudiere.be\/nl\/wp-json\/wp\/v2\/product\/15009\/revisions"}],"predecessor-version":[{"id":45179,"href":"https:\/\/promochaudiere.be\/nl\/wp-json\/wp\/v2\/product\/15009\/revisions\/45179"}],"wp:featuredmedia":[{"embeddable":true,"href":"https:\/\/promochaudiere.be\/nl\/wp-json\/wp\/v2\/media\/21385"}],"wp:attachment":[{"href":"https:\/\/promochaudiere.be\/nl\/wp-json\/wp\/v2\/media?parent=15009"}],"wp:term":[{"taxonomy":"product_brand","embeddable":true,"href":"https:\/\/promochaudiere.be\/nl\/wp-json\/wp\/v2\/product_brand?post=15009"},{"taxonomy":"product_cat","embeddable":true,"href":"https:\/\/promochaudiere.be\/nl\/wp-json\/wp\/v2\/product_cat?post=15009"},{"taxonomy":"product_tag","embeddable":true,"href":"https:\/\/promochaudiere.be\/nl\/wp-json\/wp\/v2\/product_tag?post=15009"}],"curies":[{"name":"wp","href":"https:\/\/api.w.org\/{rel}","templated":true}]}}