{"id":15017,"date":"2025-01-17T09:56:23","date_gmt":"2025-01-17T09:56:23","guid":{"rendered":"https:\/\/promochaudiere.be\/produit\/duco-module-de-control-pour-grilles-de-fenetre-00004491\/"},"modified":"2026-02-03T18:16:04","modified_gmt":"2026-02-03T17:16:04","slug":"duco-module-de-control-pour-grilles-de-fenetre-00004491","status":"publish","type":"product","link":"https:\/\/promochaudiere.be\/nl\/product\/duco-module-de-control-pour-grilles-de-fenetre-00004491\/","title":{"rendered":"DUCO MODULE DE CONTROL POUR GRILLES DE FENETRE 00004491"},"content":{"rendered":"<p>Ce module de contr\u00f4le Duco permet de r\u00e9guler l\u2019ouverture et la fermeture des grilles de fen\u00eatre pour une ventilation optimis\u00e9e. Il ajuste automatiquement le d\u00e9bit d\u2019air en fonction des besoins pour garantir un confort optimal. Son installation est simple et rapide, offrant une gestion efficace de la qualit\u00e9 de l\u2019air int\u00e9rieur. Compatible avec les syst\u00e8mes Duco, il contribue \u00e0 une meilleure performance \u00e9nerg\u00e9tique. Son fonctionnement intelligent am\u00e9liore la r\u00e9gulation thermique et r\u00e9duit la consommation \u00e9nerg\u00e9tique. Une solution innovante pour une ventilation intelligente.<\/p>","protected":false},"excerpt":{"rendered":"<p>DUCO MODULE DE CONTROL POUR GRILLES DE FENETRE 00004491<\/p>","protected":false},"featured_media":22465,"comment_status":"open","ping_status":"closed","template":"","meta":[],"product_brand":[],"product_cat":[10943,8840],"product_tag":[],"class_list":{"0":"post-15017","1":"product","2":"type-product","3":"status-publish","4":"has-post-thumbnail","6":"product_cat-accessoires-duco","7":"product_cat-test","8":"pa_marque-duco","10":"first","11":"instock","12":"sale","13":"taxable","14":"shipping-taxable","15":"purchasable","16":"product-type-simple"},"aioseo_notices":[],"_links":{"self":[{"href":"https:\/\/promochaudiere.be\/nl\/wp-json\/wp\/v2\/product\/15017","targetHints":{"allow":["GET"]}}],"collection":[{"href":"https:\/\/promochaudiere.be\/nl\/wp-json\/wp\/v2\/product"}],"about":[{"href":"https:\/\/promochaudiere.be\/nl\/wp-json\/wp\/v2\/types\/product"}],"replies":[{"embeddable":true,"href":"https:\/\/promochaudiere.be\/nl\/wp-json\/wp\/v2\/comments?post=15017"}],"version-history":[{"count":1,"href":"https:\/\/promochaudiere.be\/nl\/wp-json\/wp\/v2\/product\/15017\/revisions"}],"predecessor-version":[{"id":45170,"href":"https:\/\/promochaudiere.be\/nl\/wp-json\/wp\/v2\/product\/15017\/revisions\/45170"}],"wp:featuredmedia":[{"embeddable":true,"href":"https:\/\/promochaudiere.be\/nl\/wp-json\/wp\/v2\/media\/22465"}],"wp:attachment":[{"href":"https:\/\/promochaudiere.be\/nl\/wp-json\/wp\/v2\/media?parent=15017"}],"wp:term":[{"taxonomy":"product_brand","embeddable":true,"href":"https:\/\/promochaudiere.be\/nl\/wp-json\/wp\/v2\/product_brand?post=15017"},{"taxonomy":"product_cat","embeddable":true,"href":"https:\/\/promochaudiere.be\/nl\/wp-json\/wp\/v2\/product_cat?post=15017"},{"taxonomy":"product_tag","embeddable":true,"href":"https:\/\/promochaudiere.be\/nl\/wp-json\/wp\/v2\/product_tag?post=15017"}],"curies":[{"name":"wp","href":"https:\/\/api.w.org\/{rel}","templated":true}]}}