{"id":15038,"date":"2025-01-17T09:56:31","date_gmt":"2025-01-17T09:56:31","guid":{"rendered":"https:\/\/promochaudiere.be\/produit\/zehnder-capteur-co2-encastrement-655000850\/"},"modified":"2026-02-03T18:16:06","modified_gmt":"2026-02-03T17:16:06","slug":"zehnder-capteur-co2-encastrement-655000850","status":"publish","type":"product","link":"https:\/\/promochaudiere.be\/nl\/product\/zehnder-capteur-co2-encastrement-655000850\/","title":{"rendered":"ZEHNDER CAPTEUR CO2 ENCASTREMENT 655000850"},"content":{"rendered":"<p>Ce capteur CO2 Zehnder permet de surveiller la qualit\u00e9 de l\u2019air en mesurant les niveaux de dioxyde de carbone. Son format encastrable assure une int\u00e9gration discr\u00e8te dans les espaces int\u00e9rieurs. Il am\u00e9liore l\u2019efficacit\u00e9 des syst\u00e8mes de ventilation en adaptant le d\u00e9bit d\u2019air en fonction des besoins. Un accessoire cl\u00e9 pour garantir un environnement int\u00e9rieur sain et bien ventil\u00e9.<\/p>","protected":false},"excerpt":{"rendered":"<p>ZEHNDER CAPTEUR CO2 ENCASTREMENT 655000850<\/p>","protected":false},"featured_media":22094,"comment_status":"open","ping_status":"closed","template":"","meta":[],"product_brand":[],"product_cat":[10895,8840],"product_tag":[],"class_list":{"0":"post-15038","1":"product","2":"type-product","3":"status-publish","4":"has-post-thumbnail","6":"product_cat-accessoires-zehnder","7":"product_cat-test","8":"pa_marque-zehnder","10":"first","11":"instock","12":"sale","13":"taxable","14":"shipping-taxable","15":"purchasable","16":"product-type-simple"},"aioseo_notices":[],"_links":{"self":[{"href":"https:\/\/promochaudiere.be\/nl\/wp-json\/wp\/v2\/product\/15038","targetHints":{"allow":["GET"]}}],"collection":[{"href":"https:\/\/promochaudiere.be\/nl\/wp-json\/wp\/v2\/product"}],"about":[{"href":"https:\/\/promochaudiere.be\/nl\/wp-json\/wp\/v2\/types\/product"}],"replies":[{"embeddable":true,"href":"https:\/\/promochaudiere.be\/nl\/wp-json\/wp\/v2\/comments?post=15038"}],"version-history":[{"count":1,"href":"https:\/\/promochaudiere.be\/nl\/wp-json\/wp\/v2\/product\/15038\/revisions"}],"predecessor-version":[{"id":52888,"href":"https:\/\/promochaudiere.be\/nl\/wp-json\/wp\/v2\/product\/15038\/revisions\/52888"}],"wp:featuredmedia":[{"embeddable":true,"href":"https:\/\/promochaudiere.be\/nl\/wp-json\/wp\/v2\/media\/22094"}],"wp:attachment":[{"href":"https:\/\/promochaudiere.be\/nl\/wp-json\/wp\/v2\/media?parent=15038"}],"wp:term":[{"taxonomy":"product_brand","embeddable":true,"href":"https:\/\/promochaudiere.be\/nl\/wp-json\/wp\/v2\/product_brand?post=15038"},{"taxonomy":"product_cat","embeddable":true,"href":"https:\/\/promochaudiere.be\/nl\/wp-json\/wp\/v2\/product_cat?post=15038"},{"taxonomy":"product_tag","embeddable":true,"href":"https:\/\/promochaudiere.be\/nl\/wp-json\/wp\/v2\/product_tag?post=15038"}],"curies":[{"name":"wp","href":"https:\/\/api.w.org\/{rel}","templated":true}]}}