{"id":15043,"date":"2025-01-17T09:56:33","date_gmt":"2025-01-17T09:56:33","guid":{"rendered":"https:\/\/promochaudiere.be\/produit\/bosch-sonde-dambiance-modulaire-kcr-110-rf-1circuit-non-melange-sans-fils-7738113600\/"},"modified":"2026-02-03T18:16:09","modified_gmt":"2026-02-03T17:16:09","slug":"bosch-sonde-dambiance-modulaire-kcr-110-rf-1circuit-non-melange-sans-fils-7738113600","status":"publish","type":"product","link":"https:\/\/promochaudiere.be\/nl\/product\/bosch-sonde-dambiance-modulaire-kcr-110-rf-1circuit-non-melange-sans-fils-7738113600\/","title":{"rendered":"BOSCH SONDE D&rsquo;AMBIANCE MODULAIRE KCR 110 RF 1CIRCUIT NON-MELANGE SANS FILS 7738113600"},"content":{"rendered":"<p>La sonde d\u2019ambiance modulaire Bosch KCR 110 RF est con\u00e7ue pour optimiser la gestion de votre chauffage. Gr\u00e2ce \u00e0 sa connexion sans fil, elle permet un contr\u00f4le pr\u00e9cis de la temp\u00e9rature, assurant un confort optimal tout en r\u00e9duisant la consommation \u00e9nerg\u00e9tique. Son design moderne s\u2019int\u00e8gre parfaitement dans tout type d\u2019int\u00e9rieur. Facile \u00e0 installer et intuitive \u00e0 utiliser, elle offre une r\u00e9gulation efficace et adaptable \u00e0 vos besoins.<\/p>","protected":false},"excerpt":{"rendered":"<p>BOSCH SONDE D&rsquo;AMBIANCE MODULAIRE KCR 110 RF 1CIRCUIT NON-MELANGE SANS FILS 7738113600<\/p>","protected":false},"featured_media":21350,"comment_status":"open","ping_status":"closed","template":"","meta":[],"product_brand":[],"product_cat":[8840,578],"product_tag":[],"class_list":{"0":"post-15043","1":"product","2":"type-product","3":"status-publish","4":"has-post-thumbnail","6":"product_cat-test","7":"product_cat-thermostat-bosch-fr","8":"pa_marque-bosch","10":"first","11":"instock","12":"sale","13":"taxable","14":"shipping-taxable","15":"purchasable","16":"product-type-simple"},"aioseo_notices":[],"_links":{"self":[{"href":"https:\/\/promochaudiere.be\/nl\/wp-json\/wp\/v2\/product\/15043","targetHints":{"allow":["GET"]}}],"collection":[{"href":"https:\/\/promochaudiere.be\/nl\/wp-json\/wp\/v2\/product"}],"about":[{"href":"https:\/\/promochaudiere.be\/nl\/wp-json\/wp\/v2\/types\/product"}],"replies":[{"embeddable":true,"href":"https:\/\/promochaudiere.be\/nl\/wp-json\/wp\/v2\/comments?post=15043"}],"version-history":[{"count":1,"href":"https:\/\/promochaudiere.be\/nl\/wp-json\/wp\/v2\/product\/15043\/revisions"}],"predecessor-version":[{"id":45148,"href":"https:\/\/promochaudiere.be\/nl\/wp-json\/wp\/v2\/product\/15043\/revisions\/45148"}],"wp:featuredmedia":[{"embeddable":true,"href":"https:\/\/promochaudiere.be\/nl\/wp-json\/wp\/v2\/media\/21350"}],"wp:attachment":[{"href":"https:\/\/promochaudiere.be\/nl\/wp-json\/wp\/v2\/media?parent=15043"}],"wp:term":[{"taxonomy":"product_brand","embeddable":true,"href":"https:\/\/promochaudiere.be\/nl\/wp-json\/wp\/v2\/product_brand?post=15043"},{"taxonomy":"product_cat","embeddable":true,"href":"https:\/\/promochaudiere.be\/nl\/wp-json\/wp\/v2\/product_cat?post=15043"},{"taxonomy":"product_tag","embeddable":true,"href":"https:\/\/promochaudiere.be\/nl\/wp-json\/wp\/v2\/product_tag?post=15043"}],"curies":[{"name":"wp","href":"https:\/\/api.w.org\/{rel}","templated":true}]}}