{"id":15044,"date":"2025-01-17T09:56:34","date_gmt":"2025-01-17T09:56:34","guid":{"rendered":"https:\/\/promochaudiere.be\/produit\/dab-circulateur-cc-evosta3-60-180-6-4-m230-50-60-60185506\/"},"modified":"2026-02-03T19:40:03","modified_gmt":"2026-02-03T18:40:03","slug":"dab-circulateur-cc-evosta3-60-180-6-4-m230-50-60-60185506","status":"publish","type":"product","link":"https:\/\/promochaudiere.be\/nl\/product\/dab-circulateur-cc-evosta3-60-180-6-4-m230-50-60-60185506\/","title":{"rendered":"DAB circulateur CC EVOSTA3 60\/180 6\/4&Prime; M230\/50-60 60185506"},"content":{"rendered":"<p>Ce mod\u00e8le Evosta3 de DAB est con\u00e7u pour am\u00e9liorer l\u2019efficacit\u00e9 des syst\u00e8mes de chauffage. Son installation est rapide et sa conception robuste garantit une longue dur\u00e9e de vie.<\/p>","protected":false},"excerpt":{"rendered":"<p>DAB circulateur CC EVOSTA3 60\/180 6\/4&Prime; M230\/50-60 60185506<\/p>","protected":false},"featured_media":21790,"comment_status":"open","ping_status":"closed","template":"","meta":[],"product_brand":[],"product_cat":[660,8840],"product_tag":[],"class_list":{"0":"post-15044","1":"product","2":"type-product","3":"status-publish","4":"has-post-thumbnail","6":"product_cat-circulateur","7":"product_cat-test","8":"pa_marque-dab","10":"first","11":"instock","12":"sale","13":"taxable","14":"shipping-taxable","15":"purchasable","16":"product-type-simple"},"aioseo_notices":[],"_links":{"self":[{"href":"https:\/\/promochaudiere.be\/nl\/wp-json\/wp\/v2\/product\/15044","targetHints":{"allow":["GET"]}}],"collection":[{"href":"https:\/\/promochaudiere.be\/nl\/wp-json\/wp\/v2\/product"}],"about":[{"href":"https:\/\/promochaudiere.be\/nl\/wp-json\/wp\/v2\/types\/product"}],"replies":[{"embeddable":true,"href":"https:\/\/promochaudiere.be\/nl\/wp-json\/wp\/v2\/comments?post=15044"}],"version-history":[{"count":1,"href":"https:\/\/promochaudiere.be\/nl\/wp-json\/wp\/v2\/product\/15044\/revisions"}],"predecessor-version":[{"id":45147,"href":"https:\/\/promochaudiere.be\/nl\/wp-json\/wp\/v2\/product\/15044\/revisions\/45147"}],"wp:featuredmedia":[{"embeddable":true,"href":"https:\/\/promochaudiere.be\/nl\/wp-json\/wp\/v2\/media\/21790"}],"wp:attachment":[{"href":"https:\/\/promochaudiere.be\/nl\/wp-json\/wp\/v2\/media?parent=15044"}],"wp:term":[{"taxonomy":"product_brand","embeddable":true,"href":"https:\/\/promochaudiere.be\/nl\/wp-json\/wp\/v2\/product_brand?post=15044"},{"taxonomy":"product_cat","embeddable":true,"href":"https:\/\/promochaudiere.be\/nl\/wp-json\/wp\/v2\/product_cat?post=15044"},{"taxonomy":"product_tag","embeddable":true,"href":"https:\/\/promochaudiere.be\/nl\/wp-json\/wp\/v2\/product_tag?post=15044"}],"curies":[{"name":"wp","href":"https:\/\/api.w.org\/{rel}","templated":true}]}}