{"id":15045,"date":"2025-01-17T09:56:34","date_gmt":"2025-01-17T09:56:34","guid":{"rendered":"https:\/\/promochaudiere.be\/produit\/roth-unite-de-base-g-kwt-1500l-1135003121\/"},"modified":"2026-02-03T18:16:08","modified_gmt":"2026-02-03T17:16:08","slug":"roth-unite-de-base-g-kwt-1500l-1135003121","status":"publish","type":"product","link":"https:\/\/promochaudiere.be\/nl\/product\/roth-unite-de-base-g-kwt-1500l-1135003121\/","title":{"rendered":"Roth unit\u00e9 de base G KWT 1500L 1135003121"},"content":{"rendered":"<p>Cette unit\u00e9 de base Roth KWT permet un stockage s\u00e9curis\u00e9 des liquides avec une capacit\u00e9 de 1500L. Sa structure robuste garantit une r\u00e9sistance optimale aux charges et aux conditions environnementales. Son syst\u00e8me modulaire facilite l\u2019installation et l\u2019extension des capacit\u00e9s de stockage. \u00c9tanche et durable, elle assure une conservation efficace des fluides. Id\u00e9ale pour les infrastructures n\u00e9cessitant une solution fiable et de grande capacit\u00e9.<\/p>","protected":false},"excerpt":{"rendered":"<p>Roth unit\u00e9 de base G KWT 1500L 1135003121<\/p>","protected":false},"featured_media":22769,"comment_status":"open","ping_status":"closed","template":"","meta":[],"product_brand":[],"product_cat":[5515,8840],"product_tag":[],"class_list":{"0":"post-15045","1":"product","2":"type-product","3":"status-publish","4":"has-post-thumbnail","6":"product_cat-accessoires-fioul","7":"product_cat-test","8":"pa_marque-roth","10":"first","11":"instock","12":"sale","13":"taxable","14":"shipping-taxable","15":"purchasable","16":"product-type-simple"},"aioseo_notices":[],"_links":{"self":[{"href":"https:\/\/promochaudiere.be\/nl\/wp-json\/wp\/v2\/product\/15045","targetHints":{"allow":["GET"]}}],"collection":[{"href":"https:\/\/promochaudiere.be\/nl\/wp-json\/wp\/v2\/product"}],"about":[{"href":"https:\/\/promochaudiere.be\/nl\/wp-json\/wp\/v2\/types\/product"}],"replies":[{"embeddable":true,"href":"https:\/\/promochaudiere.be\/nl\/wp-json\/wp\/v2\/comments?post=15045"}],"version-history":[{"count":1,"href":"https:\/\/promochaudiere.be\/nl\/wp-json\/wp\/v2\/product\/15045\/revisions"}],"predecessor-version":[{"id":52887,"href":"https:\/\/promochaudiere.be\/nl\/wp-json\/wp\/v2\/product\/15045\/revisions\/52887"}],"wp:featuredmedia":[{"embeddable":true,"href":"https:\/\/promochaudiere.be\/nl\/wp-json\/wp\/v2\/media\/22769"}],"wp:attachment":[{"href":"https:\/\/promochaudiere.be\/nl\/wp-json\/wp\/v2\/media?parent=15045"}],"wp:term":[{"taxonomy":"product_brand","embeddable":true,"href":"https:\/\/promochaudiere.be\/nl\/wp-json\/wp\/v2\/product_brand?post=15045"},{"taxonomy":"product_cat","embeddable":true,"href":"https:\/\/promochaudiere.be\/nl\/wp-json\/wp\/v2\/product_cat?post=15045"},{"taxonomy":"product_tag","embeddable":true,"href":"https:\/\/promochaudiere.be\/nl\/wp-json\/wp\/v2\/product_tag?post=15045"}],"curies":[{"name":"wp","href":"https:\/\/api.w.org\/{rel}","templated":true}]}}