{"id":15051,"date":"2025-01-17T09:56:37","date_gmt":"2025-01-17T09:56:37","guid":{"rendered":"https:\/\/promochaudiere.be\/produit\/meibes-segment-de-distribution-pour-21-circuits-de-chauffage-m66301920\/"},"modified":"2026-02-03T18:16:09","modified_gmt":"2026-02-03T17:16:09","slug":"meibes-segment-de-distribution-pour-21-circuits-de-chauffage-m66301920","status":"publish","type":"product","link":"https:\/\/promochaudiere.be\/nl\/product\/meibes-segment-de-distribution-pour-21-circuits-de-chauffage-m66301920\/","title":{"rendered":"MEIBES SEGMENT DE DISTRIBUTION POUR 2+1 CIRCUITS DE CHAUFFAGE M66301920"},"content":{"rendered":"<p>Ce segment de distribution Meibes est con\u00e7u pour g\u00e9rer efficacement la circulation de l\u2019eau chaude dans les syst\u00e8mes de chauffage. Son format 2+1 circuits assure une r\u00e9partition \u00e9quilibr\u00e9e du fluide. Fabriqu\u00e9 en mat\u00e9riau r\u00e9sistant, il garantit une \u00e9tanch\u00e9it\u00e9 parfaite et une excellente long\u00e9vit\u00e9. Facile \u00e0 installer, il optimise la gestion \u00e9nerg\u00e9tique des installations. Un choix parfait pour am\u00e9liorer le rendement thermique et le confort int\u00e9rieur.<\/p>","protected":false},"excerpt":{"rendered":"<p>MEIBES SEGMENT DE DISTRIBUTION POUR 2+1 CIRCUITS DE CHAUFFAGE M66301920<\/p>","protected":false},"featured_media":22329,"comment_status":"open","ping_status":"closed","template":"","meta":[],"product_brand":[],"product_cat":[5541,8840],"product_tag":[],"class_list":{"0":"post-15051","1":"product","2":"type-product","3":"status-publish","4":"has-post-thumbnail","6":"product_cat-groupe-de-pompe","7":"product_cat-test","8":"pa_marque-meibes","10":"first","11":"instock","12":"sale","13":"taxable","14":"shipping-taxable","15":"purchasable","16":"product-type-simple"},"aioseo_notices":[],"_links":{"self":[{"href":"https:\/\/promochaudiere.be\/nl\/wp-json\/wp\/v2\/product\/15051","targetHints":{"allow":["GET"]}}],"collection":[{"href":"https:\/\/promochaudiere.be\/nl\/wp-json\/wp\/v2\/product"}],"about":[{"href":"https:\/\/promochaudiere.be\/nl\/wp-json\/wp\/v2\/types\/product"}],"replies":[{"embeddable":true,"href":"https:\/\/promochaudiere.be\/nl\/wp-json\/wp\/v2\/comments?post=15051"}],"version-history":[{"count":1,"href":"https:\/\/promochaudiere.be\/nl\/wp-json\/wp\/v2\/product\/15051\/revisions"}],"predecessor-version":[{"id":45140,"href":"https:\/\/promochaudiere.be\/nl\/wp-json\/wp\/v2\/product\/15051\/revisions\/45140"}],"wp:featuredmedia":[{"embeddable":true,"href":"https:\/\/promochaudiere.be\/nl\/wp-json\/wp\/v2\/media\/22329"}],"wp:attachment":[{"href":"https:\/\/promochaudiere.be\/nl\/wp-json\/wp\/v2\/media?parent=15051"}],"wp:term":[{"taxonomy":"product_brand","embeddable":true,"href":"https:\/\/promochaudiere.be\/nl\/wp-json\/wp\/v2\/product_brand?post=15051"},{"taxonomy":"product_cat","embeddable":true,"href":"https:\/\/promochaudiere.be\/nl\/wp-json\/wp\/v2\/product_cat?post=15051"},{"taxonomy":"product_tag","embeddable":true,"href":"https:\/\/promochaudiere.be\/nl\/wp-json\/wp\/v2\/product_tag?post=15051"}],"curies":[{"name":"wp","href":"https:\/\/api.w.org\/{rel}","templated":true}]}}