{"id":15055,"date":"2025-01-17T09:56:38","date_gmt":"2025-01-17T09:56:38","guid":{"rendered":"https:\/\/promochaudiere.be\/produit\/roth-unite-de-base-g-maximum-25t-dwt-1000l-1135004331\/"},"modified":"2026-02-03T18:16:09","modified_gmt":"2026-02-03T17:16:09","slug":"roth-unite-de-base-g-maximum-25t-dwt-1000l-1135004331","status":"publish","type":"product","link":"https:\/\/promochaudiere.be\/nl\/product\/roth-unite-de-base-g-maximum-25t-dwt-1000l-1135004331\/","title":{"rendered":"ROTH UNITE DE BASE G (MAXIMUM 25T) DWT 1000L 1135004331"},"content":{"rendered":"<p>Cette unit\u00e9 de base Roth est con\u00e7ue pour supporter jusqu\u2019\u00e0 25 tonnes de charge, offrant une capacit\u00e9 de 1000L. Son installation est simple et rapide gr\u00e2ce \u00e0 son design modulaire. Fabriqu\u00e9e en mat\u00e9riau haute r\u00e9sistance, elle assure une durabilit\u00e9 maximale et une excellente \u00e9tanch\u00e9it\u00e9. Id\u00e9ale pour les syst\u00e8mes de stockage d\u2019eau et fluides. Un choix parfait pour les installations n\u00e9cessitant un stockage s\u00e9curis\u00e9 et performant.<\/p>","protected":false},"excerpt":{"rendered":"<p>ROTH UNITE DE BASE G (MAXIMUM 25T) DWT 1000L 1135004331<\/p>","protected":false},"featured_media":22545,"comment_status":"open","ping_status":"closed","template":"","meta":[],"product_brand":[],"product_cat":[5515,8840],"product_tag":[],"class_list":{"0":"post-15055","1":"product","2":"type-product","3":"status-publish","4":"has-post-thumbnail","6":"product_cat-accessoires-fioul","7":"product_cat-test","8":"pa_marque-roth","10":"first","11":"instock","12":"sale","13":"taxable","14":"shipping-taxable","15":"purchasable","16":"product-type-simple"},"aioseo_notices":[],"_links":{"self":[{"href":"https:\/\/promochaudiere.be\/nl\/wp-json\/wp\/v2\/product\/15055","targetHints":{"allow":["GET"]}}],"collection":[{"href":"https:\/\/promochaudiere.be\/nl\/wp-json\/wp\/v2\/product"}],"about":[{"href":"https:\/\/promochaudiere.be\/nl\/wp-json\/wp\/v2\/types\/product"}],"replies":[{"embeddable":true,"href":"https:\/\/promochaudiere.be\/nl\/wp-json\/wp\/v2\/comments?post=15055"}],"version-history":[{"count":1,"href":"https:\/\/promochaudiere.be\/nl\/wp-json\/wp\/v2\/product\/15055\/revisions"}],"predecessor-version":[{"id":52886,"href":"https:\/\/promochaudiere.be\/nl\/wp-json\/wp\/v2\/product\/15055\/revisions\/52886"}],"wp:featuredmedia":[{"embeddable":true,"href":"https:\/\/promochaudiere.be\/nl\/wp-json\/wp\/v2\/media\/22545"}],"wp:attachment":[{"href":"https:\/\/promochaudiere.be\/nl\/wp-json\/wp\/v2\/media?parent=15055"}],"wp:term":[{"taxonomy":"product_brand","embeddable":true,"href":"https:\/\/promochaudiere.be\/nl\/wp-json\/wp\/v2\/product_brand?post=15055"},{"taxonomy":"product_cat","embeddable":true,"href":"https:\/\/promochaudiere.be\/nl\/wp-json\/wp\/v2\/product_cat?post=15055"},{"taxonomy":"product_tag","embeddable":true,"href":"https:\/\/promochaudiere.be\/nl\/wp-json\/wp\/v2\/product_tag?post=15055"}],"curies":[{"name":"wp","href":"https:\/\/api.w.org\/{rel}","templated":true}]}}