{"id":15056,"date":"2025-01-17T09:56:39","date_gmt":"2025-01-17T09:56:39","guid":{"rendered":"https:\/\/promochaudiere.be\/produit\/bosch-pompe-3pk-43-8737604588\/"},"modified":"2026-02-03T18:16:10","modified_gmt":"2026-02-03T17:16:10","slug":"bosch-pompe-3pk-43-8737604588","status":"publish","type":"product","link":"https:\/\/promochaudiere.be\/nl\/product\/bosch-pompe-3pk-43-8737604588\/","title":{"rendered":"BOSCH POMPE 3PK\/43 8737604588"},"content":{"rendered":"<p>La pompe Bosch 3PK\/43 est un \u00e9l\u00e9ment cl\u00e9 pour assurer un d\u00e9bit constant et une pression \u00e9quilibr\u00e9e dans votre circuit de chauffage. Son moteur puissant garantit une circulation fluide tout en optimisant la consommation d\u2019\u00e9nergie. Facile \u00e0 installer, elle s\u2019adapte aux exigences des installations modernes. Gr\u00e2ce \u00e0 sa conception robuste, elle offre une performance durable et fiable. Un choix id\u00e9al pour une installation performante et \u00e9conome en \u00e9nergie.<\/p>","protected":false},"excerpt":{"rendered":"<p>BOSCH POMPE 3PK\/43 8737604588<\/p>","protected":false},"featured_media":21384,"comment_status":"open","ping_status":"closed","template":"","meta":[],"product_brand":[],"product_cat":[9485,8840],"product_tag":[],"class_list":{"0":"post-15056","1":"product","2":"type-product","3":"status-publish","4":"has-post-thumbnail","6":"product_cat-pieces-detachees-bosch","7":"product_cat-test","8":"pa_marque-bosch","10":"first","11":"instock","12":"sale","13":"taxable","14":"shipping-taxable","15":"purchasable","16":"product-type-simple"},"aioseo_notices":[],"_links":{"self":[{"href":"https:\/\/promochaudiere.be\/nl\/wp-json\/wp\/v2\/product\/15056","targetHints":{"allow":["GET"]}}],"collection":[{"href":"https:\/\/promochaudiere.be\/nl\/wp-json\/wp\/v2\/product"}],"about":[{"href":"https:\/\/promochaudiere.be\/nl\/wp-json\/wp\/v2\/types\/product"}],"replies":[{"embeddable":true,"href":"https:\/\/promochaudiere.be\/nl\/wp-json\/wp\/v2\/comments?post=15056"}],"version-history":[{"count":1,"href":"https:\/\/promochaudiere.be\/nl\/wp-json\/wp\/v2\/product\/15056\/revisions"}],"predecessor-version":[{"id":45136,"href":"https:\/\/promochaudiere.be\/nl\/wp-json\/wp\/v2\/product\/15056\/revisions\/45136"}],"wp:featuredmedia":[{"embeddable":true,"href":"https:\/\/promochaudiere.be\/nl\/wp-json\/wp\/v2\/media\/21384"}],"wp:attachment":[{"href":"https:\/\/promochaudiere.be\/nl\/wp-json\/wp\/v2\/media?parent=15056"}],"wp:term":[{"taxonomy":"product_brand","embeddable":true,"href":"https:\/\/promochaudiere.be\/nl\/wp-json\/wp\/v2\/product_brand?post=15056"},{"taxonomy":"product_cat","embeddable":true,"href":"https:\/\/promochaudiere.be\/nl\/wp-json\/wp\/v2\/product_cat?post=15056"},{"taxonomy":"product_tag","embeddable":true,"href":"https:\/\/promochaudiere.be\/nl\/wp-json\/wp\/v2\/product_tag?post=15056"}],"curies":[{"name":"wp","href":"https:\/\/api.w.org\/{rel}","templated":true}]}}