{"id":15057,"date":"2025-01-17T09:56:39","date_gmt":"2025-01-17T09:56:39","guid":{"rendered":"https:\/\/promochaudiere.be\/produit\/flamco-bouteille-casse-pression-ecoplus-c-1-28377\/"},"modified":"2026-02-03T18:16:11","modified_gmt":"2026-02-03T17:16:11","slug":"flamco-bouteille-casse-pression-ecoplus-c-1-28377","status":"publish","type":"product","link":"https:\/\/promochaudiere.be\/nl\/product\/flamco-bouteille-casse-pression-ecoplus-c-1-28377\/","title":{"rendered":"FLAMCO BOUTEILLE CASSE-PRESSION ECOPLUS C 1&Prime; 28377"},"content":{"rendered":"<p>Cette bouteille casse-pression Flamco Ecoplus assure une r\u00e9partition homog\u00e8ne de la chaleur et r\u00e9duit la pression dans les circuits de chauffage. Elle optimise ainsi les performances des installations thermiques.<\/p>","protected":false},"excerpt":{"rendered":"<p>FLAMCO BOUTEILLE CASSE-PRESSION ECOPLUS C 1&Prime; 28377<\/p>","protected":false},"featured_media":21904,"comment_status":"open","ping_status":"closed","template":"","meta":[],"product_brand":[],"product_cat":[5541,8840],"product_tag":[],"class_list":{"0":"post-15057","1":"product","2":"type-product","3":"status-publish","4":"has-post-thumbnail","6":"product_cat-groupe-de-pompe","7":"product_cat-test","8":"pa_marque-flamco","10":"first","11":"instock","12":"sale","13":"taxable","14":"shipping-taxable","15":"purchasable","16":"product-type-simple"},"aioseo_notices":[],"_links":{"self":[{"href":"https:\/\/promochaudiere.be\/nl\/wp-json\/wp\/v2\/product\/15057","targetHints":{"allow":["GET"]}}],"collection":[{"href":"https:\/\/promochaudiere.be\/nl\/wp-json\/wp\/v2\/product"}],"about":[{"href":"https:\/\/promochaudiere.be\/nl\/wp-json\/wp\/v2\/types\/product"}],"replies":[{"embeddable":true,"href":"https:\/\/promochaudiere.be\/nl\/wp-json\/wp\/v2\/comments?post=15057"}],"version-history":[{"count":1,"href":"https:\/\/promochaudiere.be\/nl\/wp-json\/wp\/v2\/product\/15057\/revisions"}],"predecessor-version":[{"id":45137,"href":"https:\/\/promochaudiere.be\/nl\/wp-json\/wp\/v2\/product\/15057\/revisions\/45137"}],"wp:featuredmedia":[{"embeddable":true,"href":"https:\/\/promochaudiere.be\/nl\/wp-json\/wp\/v2\/media\/21904"}],"wp:attachment":[{"href":"https:\/\/promochaudiere.be\/nl\/wp-json\/wp\/v2\/media?parent=15057"}],"wp:term":[{"taxonomy":"product_brand","embeddable":true,"href":"https:\/\/promochaudiere.be\/nl\/wp-json\/wp\/v2\/product_brand?post=15057"},{"taxonomy":"product_cat","embeddable":true,"href":"https:\/\/promochaudiere.be\/nl\/wp-json\/wp\/v2\/product_cat?post=15057"},{"taxonomy":"product_tag","embeddable":true,"href":"https:\/\/promochaudiere.be\/nl\/wp-json\/wp\/v2\/product_tag?post=15057"}],"curies":[{"name":"wp","href":"https:\/\/api.w.org\/{rel}","templated":true}]}}