{"id":15063,"date":"2025-01-17T09:56:42","date_gmt":"2025-01-17T09:56:42","guid":{"rendered":"https:\/\/promochaudiere.be\/produit\/zehnder-capteur-co2-montage-apparent-655000855\/"},"modified":"2026-02-03T18:16:08","modified_gmt":"2026-02-03T17:16:08","slug":"zehnder-capteur-co2-montage-apparent-655000855","status":"publish","type":"product","link":"https:\/\/promochaudiere.be\/nl\/product\/zehnder-capteur-co2-montage-apparent-655000855\/","title":{"rendered":"ZEHNDER CAPTEUR CO2 MONTAGE APPARENT 655000855"},"content":{"rendered":"<p>Ce capteur CO2 Zehnder est con\u00e7u pour \u00eatre mont\u00e9 en apparent afin de mesurer avec pr\u00e9cision la concentration de dioxyde de carbone dans l\u2019air. Il optimise le fonctionnement des syst\u00e8mes de ventilation en ajustant automatiquement le renouvellement de l\u2019air. Facile \u00e0 installer, il garantit un contr\u00f4le efficace de la qualit\u00e9 de l\u2019air. Un \u00e9l\u00e9ment essentiel pour un confort int\u00e9rieur optimal.<\/p>","protected":false},"excerpt":{"rendered":"<p>ZEHNDER CAPTEUR CO2 MONTAGE APPARENT 655000855<\/p>","protected":false},"featured_media":22065,"comment_status":"open","ping_status":"closed","template":"","meta":[],"product_brand":[],"product_cat":[10895,8840],"product_tag":[],"class_list":{"0":"post-15063","1":"product","2":"type-product","3":"status-publish","4":"has-post-thumbnail","6":"product_cat-accessoires-zehnder","7":"product_cat-test","8":"pa_marque-zehnder","10":"first","11":"instock","12":"sale","13":"taxable","14":"shipping-taxable","15":"purchasable","16":"product-type-simple"},"aioseo_notices":[],"_links":{"self":[{"href":"https:\/\/promochaudiere.be\/nl\/wp-json\/wp\/v2\/product\/15063","targetHints":{"allow":["GET"]}}],"collection":[{"href":"https:\/\/promochaudiere.be\/nl\/wp-json\/wp\/v2\/product"}],"about":[{"href":"https:\/\/promochaudiere.be\/nl\/wp-json\/wp\/v2\/types\/product"}],"replies":[{"embeddable":true,"href":"https:\/\/promochaudiere.be\/nl\/wp-json\/wp\/v2\/comments?post=15063"}],"version-history":[{"count":1,"href":"https:\/\/promochaudiere.be\/nl\/wp-json\/wp\/v2\/product\/15063\/revisions"}],"predecessor-version":[{"id":52884,"href":"https:\/\/promochaudiere.be\/nl\/wp-json\/wp\/v2\/product\/15063\/revisions\/52884"}],"wp:featuredmedia":[{"embeddable":true,"href":"https:\/\/promochaudiere.be\/nl\/wp-json\/wp\/v2\/media\/22065"}],"wp:attachment":[{"href":"https:\/\/promochaudiere.be\/nl\/wp-json\/wp\/v2\/media?parent=15063"}],"wp:term":[{"taxonomy":"product_brand","embeddable":true,"href":"https:\/\/promochaudiere.be\/nl\/wp-json\/wp\/v2\/product_brand?post=15063"},{"taxonomy":"product_cat","embeddable":true,"href":"https:\/\/promochaudiere.be\/nl\/wp-json\/wp\/v2\/product_cat?post=15063"},{"taxonomy":"product_tag","embeddable":true,"href":"https:\/\/promochaudiere.be\/nl\/wp-json\/wp\/v2\/product_tag?post=15063"}],"curies":[{"name":"wp","href":"https:\/\/api.w.org\/{rel}","templated":true}]}}