{"id":15070,"date":"2025-01-17T09:56:44","date_gmt":"2025-01-17T09:56:44","guid":{"rendered":"https:\/\/promochaudiere.be\/produit\/hansa-rechauffeur-hvs-5-3-bruleur-zz894469\/"},"modified":"2026-02-03T18:16:11","modified_gmt":"2026-02-03T17:16:11","slug":"hansa-rechauffeur-hvs-5-3-bruleur-zz894469","status":"publish","type":"product","link":"https:\/\/promochaudiere.be\/nl\/product\/hansa-rechauffeur-hvs-5-3-bruleur-zz894469\/","title":{"rendered":"Hansa r\u00e9chauffeur HVS 5.3 bruleur ZZ894469"},"content":{"rendered":"<p>Ce mod\u00e8le de r\u00e9chauffeur assure un chauffage rapide et efficace gr\u00e2ce \u00e0 son br\u00fbleur haute performance. Il garantit une combustion propre et une meilleure efficacit\u00e9 \u00e9nerg\u00e9tique. Sa conception robuste assure une utilisation prolong\u00e9e sans perte de rendement. Il est facile \u00e0 int\u00e9grer aux circuits existants pour une installation rapide. Il am\u00e9liore la r\u00e9partition de la chaleur pour un confort optimal. Un choix id\u00e9al pour une performance thermique maximale.<\/p>","protected":false},"excerpt":{"rendered":"<p>Hansa r\u00e9chauffeur HVS 5.3 bruleur ZZ894469<\/p>","protected":false},"featured_media":22239,"comment_status":"open","ping_status":"closed","template":"","meta":[],"product_brand":[],"product_cat":[47,8840],"product_tag":[],"class_list":{"0":"post-15070","1":"product","2":"type-product","3":"status-publish","4":"has-post-thumbnail","6":"product_cat-bruleur-mazout","7":"product_cat-test","8":"pa_marque-hansa","10":"first","11":"instock","12":"sale","13":"taxable","14":"shipping-taxable","15":"purchasable","16":"product-type-simple"},"aioseo_notices":[],"_links":{"self":[{"href":"https:\/\/promochaudiere.be\/nl\/wp-json\/wp\/v2\/product\/15070","targetHints":{"allow":["GET"]}}],"collection":[{"href":"https:\/\/promochaudiere.be\/nl\/wp-json\/wp\/v2\/product"}],"about":[{"href":"https:\/\/promochaudiere.be\/nl\/wp-json\/wp\/v2\/types\/product"}],"replies":[{"embeddable":true,"href":"https:\/\/promochaudiere.be\/nl\/wp-json\/wp\/v2\/comments?post=15070"}],"version-history":[{"count":1,"href":"https:\/\/promochaudiere.be\/nl\/wp-json\/wp\/v2\/product\/15070\/revisions"}],"predecessor-version":[{"id":45128,"href":"https:\/\/promochaudiere.be\/nl\/wp-json\/wp\/v2\/product\/15070\/revisions\/45128"}],"wp:featuredmedia":[{"embeddable":true,"href":"https:\/\/promochaudiere.be\/nl\/wp-json\/wp\/v2\/media\/22239"}],"wp:attachment":[{"href":"https:\/\/promochaudiere.be\/nl\/wp-json\/wp\/v2\/media?parent=15070"}],"wp:term":[{"taxonomy":"product_brand","embeddable":true,"href":"https:\/\/promochaudiere.be\/nl\/wp-json\/wp\/v2\/product_brand?post=15070"},{"taxonomy":"product_cat","embeddable":true,"href":"https:\/\/promochaudiere.be\/nl\/wp-json\/wp\/v2\/product_cat?post=15070"},{"taxonomy":"product_tag","embeddable":true,"href":"https:\/\/promochaudiere.be\/nl\/wp-json\/wp\/v2\/product_tag?post=15070"}],"curies":[{"name":"wp","href":"https:\/\/api.w.org\/{rel}","templated":true}]}}