{"id":15076,"date":"2025-01-17T09:56:47","date_gmt":"2025-01-17T09:56:47","guid":{"rendered":"https:\/\/promochaudiere.be\/produit\/duco-conduits-flexibles-ducoflex-d90-en-rouleau-de-50m-00004692\/"},"modified":"2026-02-03T18:16:00","modified_gmt":"2026-02-03T17:16:00","slug":"duco-conduits-flexibles-ducoflex-d90-en-rouleau-de-50m-00004692","status":"publish","type":"product","link":"https:\/\/promochaudiere.be\/nl\/product\/duco-conduits-flexibles-ducoflex-d90-en-rouleau-de-50m-00004692\/","title":{"rendered":"Duco CONDUITS FLEXIBLES DUCOFLEX D90 EN ROULEAU DE 50M 00004692"},"content":{"rendered":"<p>Ce conduit flexible assure une distribution homog\u00e8ne de l\u2019air dans les syst\u00e8mes de ventilation. Son mat\u00e9riau robuste lui conf\u00e8re une excellente r\u00e9sistance aux variations de temp\u00e9rature. Sa conception souple permet une installation facile, m\u00eame dans les espaces restreints. Il assure une \u00e9tanch\u00e9it\u00e9 parfaite pour \u00e9viter les pertes d\u2019air. Id\u00e9al pour les b\u00e2timents r\u00e9sidentiels et professionnels. Une solution efficace pour une ventilation performante et durable.<\/p>","protected":false},"excerpt":{"rendered":"<p>Duco CONDUITS FLEXIBLES DUCOFLEX D90 EN ROULEAU DE 50M 00004692<\/p>","protected":false},"featured_media":22134,"comment_status":"open","ping_status":"closed","template":"","meta":[],"product_brand":[],"product_cat":[10933,8840],"product_tag":[],"class_list":{"0":"post-15076","1":"product","2":"type-product","3":"status-publish","4":"has-post-thumbnail","6":"product_cat-canal-duco","7":"product_cat-test","8":"pa_marque-duco","10":"first","11":"instock","12":"sale","13":"taxable","14":"shipping-taxable","15":"purchasable","16":"product-type-simple"},"aioseo_notices":[],"_links":{"self":[{"href":"https:\/\/promochaudiere.be\/nl\/wp-json\/wp\/v2\/product\/15076","targetHints":{"allow":["GET"]}}],"collection":[{"href":"https:\/\/promochaudiere.be\/nl\/wp-json\/wp\/v2\/product"}],"about":[{"href":"https:\/\/promochaudiere.be\/nl\/wp-json\/wp\/v2\/types\/product"}],"replies":[{"embeddable":true,"href":"https:\/\/promochaudiere.be\/nl\/wp-json\/wp\/v2\/comments?post=15076"}],"version-history":[{"count":1,"href":"https:\/\/promochaudiere.be\/nl\/wp-json\/wp\/v2\/product\/15076\/revisions"}],"predecessor-version":[{"id":45122,"href":"https:\/\/promochaudiere.be\/nl\/wp-json\/wp\/v2\/product\/15076\/revisions\/45122"}],"wp:featuredmedia":[{"embeddable":true,"href":"https:\/\/promochaudiere.be\/nl\/wp-json\/wp\/v2\/media\/22134"}],"wp:attachment":[{"href":"https:\/\/promochaudiere.be\/nl\/wp-json\/wp\/v2\/media?parent=15076"}],"wp:term":[{"taxonomy":"product_brand","embeddable":true,"href":"https:\/\/promochaudiere.be\/nl\/wp-json\/wp\/v2\/product_brand?post=15076"},{"taxonomy":"product_cat","embeddable":true,"href":"https:\/\/promochaudiere.be\/nl\/wp-json\/wp\/v2\/product_cat?post=15076"},{"taxonomy":"product_tag","embeddable":true,"href":"https:\/\/promochaudiere.be\/nl\/wp-json\/wp\/v2\/product_tag?post=15076"}],"curies":[{"name":"wp","href":"https:\/\/api.w.org\/{rel}","templated":true}]}}