{"id":15080,"date":"2025-01-17T09:56:49","date_gmt":"2025-01-17T09:56:49","guid":{"rendered":"https:\/\/promochaudiere.be\/produit\/honeywell-regulateur-de-zone-hcc100-hcc100m2022\/"},"modified":"2026-02-03T19:40:07","modified_gmt":"2026-02-03T18:40:07","slug":"honeywell-regulateur-de-zone-hcc100-hcc100m2022","status":"publish","type":"product","link":"https:\/\/promochaudiere.be\/nl\/product\/honeywell-regulateur-de-zone-hcc100-hcc100m2022\/","title":{"rendered":"HONEYWELL REGULATEUR DE ZONE HCC100 HCC100M2022"},"content":{"rendered":"<p>Le r\u00e9gulateur de zone Honeywell HCC100M2022 est con\u00e7u pour optimiser la gestion du chauffage en divisant une habitation en diff\u00e9rentes zones thermiques. Il permet une r\u00e9gulation pr\u00e9cise pour un confort optimal et des \u00e9conomies d\u2019\u00e9nergie. Un accessoire essentiel pour une maison connect\u00e9e.<\/p>","protected":false},"excerpt":{"rendered":"<p>HONEYWELL REGULATEUR DE ZONE HCC100 HCC100M2022<\/p>","protected":false},"featured_media":21652,"comment_status":"open","ping_status":"closed","template":"","meta":[],"product_brand":[],"product_cat":[8840,530],"product_tag":[],"class_list":{"0":"post-15080","1":"product","2":"type-product","3":"status-publish","4":"has-post-thumbnail","6":"product_cat-test","7":"product_cat-thermostat-honeywell","8":"pa_marque-honeywell","10":"first","11":"instock","12":"sale","13":"taxable","14":"shipping-taxable","15":"purchasable","16":"product-type-simple"},"aioseo_notices":[],"_links":{"self":[{"href":"https:\/\/promochaudiere.be\/nl\/wp-json\/wp\/v2\/product\/15080","targetHints":{"allow":["GET"]}}],"collection":[{"href":"https:\/\/promochaudiere.be\/nl\/wp-json\/wp\/v2\/product"}],"about":[{"href":"https:\/\/promochaudiere.be\/nl\/wp-json\/wp\/v2\/types\/product"}],"replies":[{"embeddable":true,"href":"https:\/\/promochaudiere.be\/nl\/wp-json\/wp\/v2\/comments?post=15080"}],"version-history":[{"count":1,"href":"https:\/\/promochaudiere.be\/nl\/wp-json\/wp\/v2\/product\/15080\/revisions"}],"predecessor-version":[{"id":45116,"href":"https:\/\/promochaudiere.be\/nl\/wp-json\/wp\/v2\/product\/15080\/revisions\/45116"}],"wp:featuredmedia":[{"embeddable":true,"href":"https:\/\/promochaudiere.be\/nl\/wp-json\/wp\/v2\/media\/21652"}],"wp:attachment":[{"href":"https:\/\/promochaudiere.be\/nl\/wp-json\/wp\/v2\/media?parent=15080"}],"wp:term":[{"taxonomy":"product_brand","embeddable":true,"href":"https:\/\/promochaudiere.be\/nl\/wp-json\/wp\/v2\/product_brand?post=15080"},{"taxonomy":"product_cat","embeddable":true,"href":"https:\/\/promochaudiere.be\/nl\/wp-json\/wp\/v2\/product_cat?post=15080"},{"taxonomy":"product_tag","embeddable":true,"href":"https:\/\/promochaudiere.be\/nl\/wp-json\/wp\/v2\/product_tag?post=15080"}],"curies":[{"name":"wp","href":"https:\/\/api.w.org\/{rel}","templated":true}]}}