{"id":15093,"date":"2025-01-17T09:56:55","date_gmt":"2025-01-17T09:56:55","guid":{"rendered":"https:\/\/promochaudiere.be\/produit\/meibes-segment-de-distribution-ouvert-pour-21-circuits-de-chauffage-m66301922\/"},"modified":"2026-02-03T18:16:10","modified_gmt":"2026-02-03T17:16:10","slug":"meibes-segment-de-distribution-ouvert-pour-21-circuits-de-chauffage-m66301922","status":"publish","type":"product","link":"https:\/\/promochaudiere.be\/nl\/product\/meibes-segment-de-distribution-ouvert-pour-21-circuits-de-chauffage-m66301922\/","title":{"rendered":"MEIBES SEGMENT DE DISTRIBUTION OUVERT POUR 2+1 CIRCUITS DE CHAUFFAGE M66301922"},"content":{"rendered":"<p>Ce segment de distribution Meibes offre une solution optimis\u00e9e pour la r\u00e9gulation des flux thermiques. Sa conception permet une distribution efficace du fluide caloporteur. Compatible avec les circuits de chauffage modernes, il garantit une performance maximale. Son installation est rapide et ne n\u00e9cessite pas de modifications complexes. Un accessoire indispensable pour am\u00e9liorer la gestion des circuits hydrauliques. Id\u00e9al pour un chauffage homog\u00e8ne et bien r\u00e9parti.<\/p>","protected":false},"excerpt":{"rendered":"<p>MEIBES SEGMENT DE DISTRIBUTION OUVERT POUR 2+1 CIRCUITS DE CHAUFFAGE M66301922<\/p>","protected":false},"featured_media":22331,"comment_status":"open","ping_status":"closed","template":"","meta":[],"product_brand":[],"product_cat":[5541,8840],"product_tag":[],"class_list":{"0":"post-15093","1":"product","2":"type-product","3":"status-publish","4":"has-post-thumbnail","6":"product_cat-groupe-de-pompe","7":"product_cat-test","8":"pa_marque-meibes","10":"first","11":"instock","12":"sale","13":"taxable","14":"shipping-taxable","15":"purchasable","16":"product-type-simple"},"aioseo_notices":[],"_links":{"self":[{"href":"https:\/\/promochaudiere.be\/nl\/wp-json\/wp\/v2\/product\/15093","targetHints":{"allow":["GET"]}}],"collection":[{"href":"https:\/\/promochaudiere.be\/nl\/wp-json\/wp\/v2\/product"}],"about":[{"href":"https:\/\/promochaudiere.be\/nl\/wp-json\/wp\/v2\/types\/product"}],"replies":[{"embeddable":true,"href":"https:\/\/promochaudiere.be\/nl\/wp-json\/wp\/v2\/comments?post=15093"}],"version-history":[{"count":1,"href":"https:\/\/promochaudiere.be\/nl\/wp-json\/wp\/v2\/product\/15093\/revisions"}],"predecessor-version":[{"id":45102,"href":"https:\/\/promochaudiere.be\/nl\/wp-json\/wp\/v2\/product\/15093\/revisions\/45102"}],"wp:featuredmedia":[{"embeddable":true,"href":"https:\/\/promochaudiere.be\/nl\/wp-json\/wp\/v2\/media\/22331"}],"wp:attachment":[{"href":"https:\/\/promochaudiere.be\/nl\/wp-json\/wp\/v2\/media?parent=15093"}],"wp:term":[{"taxonomy":"product_brand","embeddable":true,"href":"https:\/\/promochaudiere.be\/nl\/wp-json\/wp\/v2\/product_brand?post=15093"},{"taxonomy":"product_cat","embeddable":true,"href":"https:\/\/promochaudiere.be\/nl\/wp-json\/wp\/v2\/product_cat?post=15093"},{"taxonomy":"product_tag","embeddable":true,"href":"https:\/\/promochaudiere.be\/nl\/wp-json\/wp\/v2\/product_tag?post=15093"}],"curies":[{"name":"wp","href":"https:\/\/api.w.org\/{rel}","templated":true}]}}