{"id":15094,"date":"2025-01-17T09:56:55","date_gmt":"2025-01-17T09:56:55","guid":{"rendered":"https:\/\/promochaudiere.be\/produit\/vanne-gaz-magnet-nf-automat-5-4ff-02b-gco100086\/"},"modified":"2026-02-03T18:16:10","modified_gmt":"2026-02-03T17:16:10","slug":"vanne-gaz-magnet-nf-automat-5-4ff-02b-gco100086","status":"publish","type":"product","link":"https:\/\/promochaudiere.be\/nl\/product\/vanne-gaz-magnet-nf-automat-5-4ff-02b-gco100086\/","title":{"rendered":"VANNE GAZ MAGNET.NF AUTOMAT.5\/4&Prime;FF 0,2B GCO100086"},"content":{"rendered":"<p>Cette vanne gaz magn\u00e9tique NF automatique assure une s\u00e9curit\u00e9 maximale dans les installations de gaz. Son syst\u00e8me de fermeture rapide emp\u00eache toute fuite accidentelle. Con\u00e7ue en mat\u00e9riau robuste, elle offre une excellente durabilit\u00e9 et une installation facile. Un \u00e9l\u00e9ment essentiel pour la protection des installations gaz.<\/p>","protected":false},"excerpt":{"rendered":"<p>VANNE GAZ MAGNET.NF AUTOMAT.5\/4&Prime;FF 0,2B GCO100086<\/p>","protected":false},"featured_media":21470,"comment_status":"open","ping_status":"closed","template":"","meta":[],"product_brand":[],"product_cat":[5549,8840],"product_tag":[],"class_list":{"0":"post-15094","1":"product","2":"type-product","3":"status-publish","4":"has-post-thumbnail","6":"product_cat-accessoires-gaz","7":"product_cat-test","9":"first","10":"instock","11":"sale","12":"taxable","13":"shipping-taxable","14":"purchasable","15":"product-type-simple"},"aioseo_notices":[],"_links":{"self":[{"href":"https:\/\/promochaudiere.be\/nl\/wp-json\/wp\/v2\/product\/15094","targetHints":{"allow":["GET"]}}],"collection":[{"href":"https:\/\/promochaudiere.be\/nl\/wp-json\/wp\/v2\/product"}],"about":[{"href":"https:\/\/promochaudiere.be\/nl\/wp-json\/wp\/v2\/types\/product"}],"replies":[{"embeddable":true,"href":"https:\/\/promochaudiere.be\/nl\/wp-json\/wp\/v2\/comments?post=15094"}],"version-history":[{"count":1,"href":"https:\/\/promochaudiere.be\/nl\/wp-json\/wp\/v2\/product\/15094\/revisions"}],"predecessor-version":[{"id":52883,"href":"https:\/\/promochaudiere.be\/nl\/wp-json\/wp\/v2\/product\/15094\/revisions\/52883"}],"wp:featuredmedia":[{"embeddable":true,"href":"https:\/\/promochaudiere.be\/nl\/wp-json\/wp\/v2\/media\/21470"}],"wp:attachment":[{"href":"https:\/\/promochaudiere.be\/nl\/wp-json\/wp\/v2\/media?parent=15094"}],"wp:term":[{"taxonomy":"product_brand","embeddable":true,"href":"https:\/\/promochaudiere.be\/nl\/wp-json\/wp\/v2\/product_brand?post=15094"},{"taxonomy":"product_cat","embeddable":true,"href":"https:\/\/promochaudiere.be\/nl\/wp-json\/wp\/v2\/product_cat?post=15094"},{"taxonomy":"product_tag","embeddable":true,"href":"https:\/\/promochaudiere.be\/nl\/wp-json\/wp\/v2\/product_tag?post=15094"}],"curies":[{"name":"wp","href":"https:\/\/api.w.org\/{rel}","templated":true}]}}