{"id":15095,"date":"2025-01-17T09:56:55","date_gmt":"2025-01-17T09:56:55","guid":{"rendered":"https:\/\/promochaudiere.be\/produit\/bulex-pompe-f25-29-fas-0010030668\/"},"modified":"2026-02-03T18:16:12","modified_gmt":"2026-02-03T17:16:12","slug":"bulex-pompe-f25-29-fas-0010030668","status":"publish","type":"product","link":"https:\/\/promochaudiere.be\/nl\/product\/bulex-pompe-f25-29-fas-0010030668\/","title":{"rendered":"BULEX POMPE F25\/29 +FAS 0010030668"},"content":{"rendered":"<p>Ce mod\u00e8le de pompe Bulex est con\u00e7u pour les chaudi\u00e8res F25 et F29, assurant une r\u00e9gulation fluide de la circulation d\u2019eau. Son moteur basse consommation am\u00e9liore l\u2019efficacit\u00e9 \u00e9nerg\u00e9tique du syst\u00e8me de chauffage. Compacte et robuste, elle garantit une longue dur\u00e9e de vie. Son installation simple permet un remplacement rapide et efficace. Un composant essentiel pour maintenir un chauffage performant.<\/p>","protected":false},"excerpt":{"rendered":"<p>BULEX POMPE F25\/29 +FAS 0010030668<\/p>","protected":false},"featured_media":21780,"comment_status":"open","ping_status":"closed","template":"","meta":[],"product_brand":[],"product_cat":[9507,8840],"product_tag":[],"class_list":{"0":"post-15095","1":"product","2":"type-product","3":"status-publish","4":"has-post-thumbnail","6":"product_cat-pieces-detachees-bulex","7":"product_cat-test","8":"pa_marque-bulex","10":"first","11":"instock","12":"sale","13":"taxable","14":"shipping-taxable","15":"purchasable","16":"product-type-simple"},"aioseo_notices":[],"_links":{"self":[{"href":"https:\/\/promochaudiere.be\/nl\/wp-json\/wp\/v2\/product\/15095","targetHints":{"allow":["GET"]}}],"collection":[{"href":"https:\/\/promochaudiere.be\/nl\/wp-json\/wp\/v2\/product"}],"about":[{"href":"https:\/\/promochaudiere.be\/nl\/wp-json\/wp\/v2\/types\/product"}],"replies":[{"embeddable":true,"href":"https:\/\/promochaudiere.be\/nl\/wp-json\/wp\/v2\/comments?post=15095"}],"version-history":[{"count":1,"href":"https:\/\/promochaudiere.be\/nl\/wp-json\/wp\/v2\/product\/15095\/revisions"}],"predecessor-version":[{"id":45103,"href":"https:\/\/promochaudiere.be\/nl\/wp-json\/wp\/v2\/product\/15095\/revisions\/45103"}],"wp:featuredmedia":[{"embeddable":true,"href":"https:\/\/promochaudiere.be\/nl\/wp-json\/wp\/v2\/media\/21780"}],"wp:attachment":[{"href":"https:\/\/promochaudiere.be\/nl\/wp-json\/wp\/v2\/media?parent=15095"}],"wp:term":[{"taxonomy":"product_brand","embeddable":true,"href":"https:\/\/promochaudiere.be\/nl\/wp-json\/wp\/v2\/product_brand?post=15095"},{"taxonomy":"product_cat","embeddable":true,"href":"https:\/\/promochaudiere.be\/nl\/wp-json\/wp\/v2\/product_cat?post=15095"},{"taxonomy":"product_tag","embeddable":true,"href":"https:\/\/promochaudiere.be\/nl\/wp-json\/wp\/v2\/product_tag?post=15095"}],"curies":[{"name":"wp","href":"https:\/\/api.w.org\/{rel}","templated":true}]}}