{"id":15096,"date":"2025-01-17T09:56:56","date_gmt":"2025-01-17T09:56:56","guid":{"rendered":"https:\/\/promochaudiere.be\/produit\/wilo-stratos-eco-25-1-3-r-1-1-2-pn10-4092520\/"},"modified":"2026-02-03T18:16:11","modified_gmt":"2026-02-03T17:16:11","slug":"wilo-stratos-eco-25-1-3-r-1-1-2-pn10-4092520","status":"publish","type":"product","link":"https:\/\/promochaudiere.be\/nl\/product\/wilo-stratos-eco-25-1-3-r-1-1-2-pn10-4092520\/","title":{"rendered":"WILO STRATOS ECO 25\/1-3 R 1 1\/2&Prime;-PN10 4092520"},"content":{"rendered":"<p>Ce circulateur Wilo Stratos Eco assure une distribution efficace du fluide caloporteur. Son moteur \u00e9co\u00e9nerg\u00e9tique permet une r\u00e9duction significative de la consommation \u00e9lectrique. Facile \u00e0 int\u00e9grer aux circuits de chauffage, il garantit un d\u00e9bit constant et silencieux. Id\u00e9al pour une performance thermique optimale.<\/p>","protected":false},"excerpt":{"rendered":"<p>WILO STRATOS ECO 25\/1-3 R 1 1\/2&Prime;-PN10 4092520<\/p>","protected":false},"featured_media":22662,"comment_status":"open","ping_status":"closed","template":"","meta":[],"product_brand":[],"product_cat":[660,8840],"product_tag":[],"class_list":{"0":"post-15096","1":"product","2":"type-product","3":"status-publish","4":"has-post-thumbnail","6":"product_cat-circulateur","7":"product_cat-test","8":"pa_marque-wilo","10":"first","11":"instock","12":"sale","13":"taxable","14":"shipping-taxable","15":"purchasable","16":"product-type-simple"},"aioseo_notices":[],"_links":{"self":[{"href":"https:\/\/promochaudiere.be\/nl\/wp-json\/wp\/v2\/product\/15096","targetHints":{"allow":["GET"]}}],"collection":[{"href":"https:\/\/promochaudiere.be\/nl\/wp-json\/wp\/v2\/product"}],"about":[{"href":"https:\/\/promochaudiere.be\/nl\/wp-json\/wp\/v2\/types\/product"}],"replies":[{"embeddable":true,"href":"https:\/\/promochaudiere.be\/nl\/wp-json\/wp\/v2\/comments?post=15096"}],"version-history":[{"count":1,"href":"https:\/\/promochaudiere.be\/nl\/wp-json\/wp\/v2\/product\/15096\/revisions"}],"predecessor-version":[{"id":52882,"href":"https:\/\/promochaudiere.be\/nl\/wp-json\/wp\/v2\/product\/15096\/revisions\/52882"}],"wp:featuredmedia":[{"embeddable":true,"href":"https:\/\/promochaudiere.be\/nl\/wp-json\/wp\/v2\/media\/22662"}],"wp:attachment":[{"href":"https:\/\/promochaudiere.be\/nl\/wp-json\/wp\/v2\/media?parent=15096"}],"wp:term":[{"taxonomy":"product_brand","embeddable":true,"href":"https:\/\/promochaudiere.be\/nl\/wp-json\/wp\/v2\/product_brand?post=15096"},{"taxonomy":"product_cat","embeddable":true,"href":"https:\/\/promochaudiere.be\/nl\/wp-json\/wp\/v2\/product_cat?post=15096"},{"taxonomy":"product_tag","embeddable":true,"href":"https:\/\/promochaudiere.be\/nl\/wp-json\/wp\/v2\/product_tag?post=15096"}],"curies":[{"name":"wp","href":"https:\/\/api.w.org\/{rel}","templated":true}]}}