{"id":15103,"date":"2025-01-17T09:56:59","date_gmt":"2025-01-17T09:56:59","guid":{"rendered":"https:\/\/promochaudiere.be\/produit\/duco-capteur-co2-rf-wired-blanc-00004604\/"},"modified":"2026-02-03T18:16:13","modified_gmt":"2026-02-03T17:16:13","slug":"duco-capteur-co2-rf-wired-blanc-00004604","status":"publish","type":"product","link":"https:\/\/promochaudiere.be\/nl\/product\/duco-capteur-co2-rf-wired-blanc-00004604\/","title":{"rendered":"DUCO CAPTEUR CO2 RF\/WIRED BLANC 00004604"},"content":{"rendered":"<p>Ce capteur CO2 assure une surveillance en temps r\u00e9el de la qualit\u00e9 de l&rsquo;air int\u00e9rieur. Son syst\u00e8me RF\/Wired permet une transmission efficace des donn\u00e9es pour optimiser la ventilation. Facile \u00e0 installer, il s&rsquo;int\u00e8gre aux syst\u00e8mes de gestion d\u2019air. Son design blanc discret s\u2019adapte aux environnements modernes. Il contribue \u00e0 am\u00e9liorer le confort et la sant\u00e9 des occupants. Un choix id\u00e9al pour une gestion intelligente de l&rsquo;air int\u00e9rieur.<\/p>","protected":false},"excerpt":{"rendered":"<p>DUCO CAPTEUR CO2 RF\/WIRED BLANC 00004604<\/p>","protected":false},"featured_media":22060,"comment_status":"open","ping_status":"closed","template":"","meta":[],"product_brand":[],"product_cat":[10943,8840],"product_tag":[],"class_list":{"0":"post-15103","1":"product","2":"type-product","3":"status-publish","4":"has-post-thumbnail","6":"product_cat-accessoires-duco","7":"product_cat-test","8":"pa_marque-duco","10":"first","11":"instock","12":"sale","13":"taxable","14":"shipping-taxable","15":"purchasable","16":"product-type-simple"},"aioseo_notices":[],"_links":{"self":[{"href":"https:\/\/promochaudiere.be\/nl\/wp-json\/wp\/v2\/product\/15103","targetHints":{"allow":["GET"]}}],"collection":[{"href":"https:\/\/promochaudiere.be\/nl\/wp-json\/wp\/v2\/product"}],"about":[{"href":"https:\/\/promochaudiere.be\/nl\/wp-json\/wp\/v2\/types\/product"}],"replies":[{"embeddable":true,"href":"https:\/\/promochaudiere.be\/nl\/wp-json\/wp\/v2\/comments?post=15103"}],"version-history":[{"count":1,"href":"https:\/\/promochaudiere.be\/nl\/wp-json\/wp\/v2\/product\/15103\/revisions"}],"predecessor-version":[{"id":45095,"href":"https:\/\/promochaudiere.be\/nl\/wp-json\/wp\/v2\/product\/15103\/revisions\/45095"}],"wp:featuredmedia":[{"embeddable":true,"href":"https:\/\/promochaudiere.be\/nl\/wp-json\/wp\/v2\/media\/22060"}],"wp:attachment":[{"href":"https:\/\/promochaudiere.be\/nl\/wp-json\/wp\/v2\/media?parent=15103"}],"wp:term":[{"taxonomy":"product_brand","embeddable":true,"href":"https:\/\/promochaudiere.be\/nl\/wp-json\/wp\/v2\/product_brand?post=15103"},{"taxonomy":"product_cat","embeddable":true,"href":"https:\/\/promochaudiere.be\/nl\/wp-json\/wp\/v2\/product_cat?post=15103"},{"taxonomy":"product_tag","embeddable":true,"href":"https:\/\/promochaudiere.be\/nl\/wp-json\/wp\/v2\/product_tag?post=15103"}],"curies":[{"name":"wp","href":"https:\/\/api.w.org\/{rel}","templated":true}]}}