{"id":15104,"date":"2025-01-17T09:57:00","date_gmt":"2025-01-17T09:57:00","guid":{"rendered":"https:\/\/promochaudiere.be\/produit\/duco-capteur-co2-rf-wired-noir-00004603\/"},"modified":"2026-02-03T18:16:13","modified_gmt":"2026-02-03T17:16:13","slug":"duco-capteur-co2-rf-wired-noir-00004603","status":"publish","type":"product","link":"https:\/\/promochaudiere.be\/nl\/product\/duco-capteur-co2-rf-wired-noir-00004603\/","title":{"rendered":"DUCO CAPTEUR CO2 RF\/WIRED NOIR 00004603"},"content":{"rendered":"<p>Ce capteur CO2 Duco surveille en temps r\u00e9el la concentration de dioxyde de carbone dans l\u2019air int\u00e9rieur. Il peut \u00eatre utilis\u00e9 en mode filaire ou sans fil (RF), offrant une flexibilit\u00e9 maximale dans son installation. Son design noir \u00e9l\u00e9gant lui permet de s\u2019int\u00e9grer discr\u00e8tement dans n\u2019importe quel int\u00e9rieur. Il am\u00e9liore le confort et la qualit\u00e9 de l\u2019air en ajustant automatiquement la ventilation en fonction du taux de CO2 d\u00e9tect\u00e9. Id\u00e9al pour les habitations et bureaux soucieux d\u2019une bonne qualit\u00e9 de l\u2019air. Un outil efficace pour une a\u00e9ration optimale.<\/p>","protected":false},"excerpt":{"rendered":"<p>DUCO CAPTEUR CO2 RF\/WIRED NOIR 00004603<\/p>","protected":false},"featured_media":22062,"comment_status":"open","ping_status":"closed","template":"","meta":[],"product_brand":[],"product_cat":[10943,8840],"product_tag":[],"class_list":{"0":"post-15104","1":"product","2":"type-product","3":"status-publish","4":"has-post-thumbnail","6":"product_cat-accessoires-duco","7":"product_cat-test","8":"pa_marque-duco","10":"first","11":"instock","12":"sale","13":"taxable","14":"shipping-taxable","15":"purchasable","16":"product-type-simple"},"aioseo_notices":[],"_links":{"self":[{"href":"https:\/\/promochaudiere.be\/nl\/wp-json\/wp\/v2\/product\/15104","targetHints":{"allow":["GET"]}}],"collection":[{"href":"https:\/\/promochaudiere.be\/nl\/wp-json\/wp\/v2\/product"}],"about":[{"href":"https:\/\/promochaudiere.be\/nl\/wp-json\/wp\/v2\/types\/product"}],"replies":[{"embeddable":true,"href":"https:\/\/promochaudiere.be\/nl\/wp-json\/wp\/v2\/comments?post=15104"}],"version-history":[{"count":1,"href":"https:\/\/promochaudiere.be\/nl\/wp-json\/wp\/v2\/product\/15104\/revisions"}],"predecessor-version":[{"id":45094,"href":"https:\/\/promochaudiere.be\/nl\/wp-json\/wp\/v2\/product\/15104\/revisions\/45094"}],"wp:featuredmedia":[{"embeddable":true,"href":"https:\/\/promochaudiere.be\/nl\/wp-json\/wp\/v2\/media\/22062"}],"wp:attachment":[{"href":"https:\/\/promochaudiere.be\/nl\/wp-json\/wp\/v2\/media?parent=15104"}],"wp:term":[{"taxonomy":"product_brand","embeddable":true,"href":"https:\/\/promochaudiere.be\/nl\/wp-json\/wp\/v2\/product_brand?post=15104"},{"taxonomy":"product_cat","embeddable":true,"href":"https:\/\/promochaudiere.be\/nl\/wp-json\/wp\/v2\/product_cat?post=15104"},{"taxonomy":"product_tag","embeddable":true,"href":"https:\/\/promochaudiere.be\/nl\/wp-json\/wp\/v2\/product_tag?post=15104"}],"curies":[{"name":"wp","href":"https:\/\/api.w.org\/{rel}","templated":true}]}}