{"id":15108,"date":"2025-01-17T09:57:02","date_gmt":"2025-01-17T09:57:02","guid":{"rendered":"https:\/\/promochaudiere.be\/produit\/vaillant-pompe-0020130763\/"},"modified":"2026-02-03T18:16:16","modified_gmt":"2026-02-03T17:16:16","slug":"vaillant-pompe-0020130763","status":"publish","type":"product","link":"https:\/\/promochaudiere.be\/nl\/product\/vaillant-pompe-0020130763\/","title":{"rendered":"Vaillant Pompe 0020130763"},"content":{"rendered":"<p>Cette pompe Vaillant assure une circulation optimale de l\u2019eau chaude dans le circuit de chauffage. Son moteur haute efficacit\u00e9 permet une consommation r\u00e9duite et une performance accrue. Facile \u00e0 poser, elle garantit un fonctionnement fluide et silencieux. Un composant essentiel pour une gestion thermique efficace.<\/p>","protected":false},"excerpt":{"rendered":"<p>Vaillant Pompe 0020130763<\/p>","protected":false},"featured_media":21950,"comment_status":"open","ping_status":"closed","template":"","meta":[],"product_brand":[],"product_cat":[8917,8840],"product_tag":[],"class_list":{"0":"post-15108","1":"product","2":"type-product","3":"status-publish","4":"has-post-thumbnail","6":"product_cat-pieces-detachees-vaillant","7":"product_cat-test","8":"pa_marque-vaillant","10":"first","11":"instock","12":"sale","13":"taxable","14":"shipping-taxable","15":"purchasable","16":"product-type-simple"},"aioseo_notices":[],"_links":{"self":[{"href":"https:\/\/promochaudiere.be\/nl\/wp-json\/wp\/v2\/product\/15108","targetHints":{"allow":["GET"]}}],"collection":[{"href":"https:\/\/promochaudiere.be\/nl\/wp-json\/wp\/v2\/product"}],"about":[{"href":"https:\/\/promochaudiere.be\/nl\/wp-json\/wp\/v2\/types\/product"}],"replies":[{"embeddable":true,"href":"https:\/\/promochaudiere.be\/nl\/wp-json\/wp\/v2\/comments?post=15108"}],"version-history":[{"count":1,"href":"https:\/\/promochaudiere.be\/nl\/wp-json\/wp\/v2\/product\/15108\/revisions"}],"predecessor-version":[{"id":52880,"href":"https:\/\/promochaudiere.be\/nl\/wp-json\/wp\/v2\/product\/15108\/revisions\/52880"}],"wp:featuredmedia":[{"embeddable":true,"href":"https:\/\/promochaudiere.be\/nl\/wp-json\/wp\/v2\/media\/21950"}],"wp:attachment":[{"href":"https:\/\/promochaudiere.be\/nl\/wp-json\/wp\/v2\/media?parent=15108"}],"wp:term":[{"taxonomy":"product_brand","embeddable":true,"href":"https:\/\/promochaudiere.be\/nl\/wp-json\/wp\/v2\/product_brand?post=15108"},{"taxonomy":"product_cat","embeddable":true,"href":"https:\/\/promochaudiere.be\/nl\/wp-json\/wp\/v2\/product_cat?post=15108"},{"taxonomy":"product_tag","embeddable":true,"href":"https:\/\/promochaudiere.be\/nl\/wp-json\/wp\/v2\/product_tag?post=15108"}],"curies":[{"name":"wp","href":"https:\/\/api.w.org\/{rel}","templated":true}]}}