{"id":15113,"date":"2025-01-17T09:57:04","date_gmt":"2025-01-17T09:57:04","guid":{"rendered":"https:\/\/promochaudiere.be\/produit\/dab-pompe-vide-cave-nova-up-600m-na-60152310\/"},"modified":"2026-02-03T18:16:12","modified_gmt":"2026-02-03T17:16:12","slug":"dab-pompe-vide-cave-nova-up-600m-na-60152310","status":"publish","type":"product","link":"https:\/\/promochaudiere.be\/nl\/product\/dab-pompe-vide-cave-nova-up-600m-na-60152310\/","title":{"rendered":"DAB Pompe vide cave NOVA UP  600M-NA 60152310"},"content":{"rendered":"<p>La pompe vide-cave DAB Nova UP 600M-NA assure un pompage efficace des eaux us\u00e9es et pluviales. Son moteur haute performance permet un d\u00e9bit \u00e9lev\u00e9 tout en restant silencieux. Id\u00e9ale pour une utilisation domestique, elle pr\u00e9vient efficacement les risques d\u2019inondation.<\/p>","protected":false},"excerpt":{"rendered":"<p>DAB Pompe vide cave NOVA UP  600M-NA 60152310<\/p>","protected":false},"featured_media":22010,"comment_status":"open","ping_status":"closed","template":"","meta":[],"product_brand":[],"product_cat":[298,8840],"product_tag":[],"class_list":{"0":"post-15113","1":"product","2":"type-product","3":"status-publish","4":"has-post-thumbnail","6":"product_cat-pompe","7":"product_cat-test","8":"pa_marque-dab","10":"first","11":"instock","12":"sale","13":"taxable","14":"shipping-taxable","15":"purchasable","16":"product-type-simple"},"aioseo_notices":[],"_links":{"self":[{"href":"https:\/\/promochaudiere.be\/nl\/wp-json\/wp\/v2\/product\/15113","targetHints":{"allow":["GET"]}}],"collection":[{"href":"https:\/\/promochaudiere.be\/nl\/wp-json\/wp\/v2\/product"}],"about":[{"href":"https:\/\/promochaudiere.be\/nl\/wp-json\/wp\/v2\/types\/product"}],"replies":[{"embeddable":true,"href":"https:\/\/promochaudiere.be\/nl\/wp-json\/wp\/v2\/comments?post=15113"}],"version-history":[{"count":1,"href":"https:\/\/promochaudiere.be\/nl\/wp-json\/wp\/v2\/product\/15113\/revisions"}],"predecessor-version":[{"id":45086,"href":"https:\/\/promochaudiere.be\/nl\/wp-json\/wp\/v2\/product\/15113\/revisions\/45086"}],"wp:featuredmedia":[{"embeddable":true,"href":"https:\/\/promochaudiere.be\/nl\/wp-json\/wp\/v2\/media\/22010"}],"wp:attachment":[{"href":"https:\/\/promochaudiere.be\/nl\/wp-json\/wp\/v2\/media?parent=15113"}],"wp:term":[{"taxonomy":"product_brand","embeddable":true,"href":"https:\/\/promochaudiere.be\/nl\/wp-json\/wp\/v2\/product_brand?post=15113"},{"taxonomy":"product_cat","embeddable":true,"href":"https:\/\/promochaudiere.be\/nl\/wp-json\/wp\/v2\/product_cat?post=15113"},{"taxonomy":"product_tag","embeddable":true,"href":"https:\/\/promochaudiere.be\/nl\/wp-json\/wp\/v2\/product_tag?post=15113"}],"curies":[{"name":"wp","href":"https:\/\/api.w.org\/{rel}","templated":true}]}}