{"id":15127,"date":"2025-01-17T09:57:09","date_gmt":"2025-01-17T09:57:09","guid":{"rendered":"https:\/\/promochaudiere.be\/produit\/junkers-circuit-imprime-zwe-zse-2428-87483005570\/"},"modified":"2026-02-03T18:16:15","modified_gmt":"2026-02-03T17:16:15","slug":"junkers-circuit-imprime-zwe-zse-2428-87483005570","status":"publish","type":"product","link":"https:\/\/promochaudiere.be\/nl\/product\/junkers-circuit-imprime-zwe-zse-2428-87483005570\/","title":{"rendered":"Junkers circuit imprime ZWE-ZSE 24(28) 87483005570"},"content":{"rendered":"<p>Ce circuit imprim\u00e9 Junkers est con\u00e7u pour les mod\u00e8les ZWE et ZSE, garantissant un fonctionnement pr\u00e9cis et s\u00e9curis\u00e9 du syst\u00e8me de chauffage. Il assure une gestion intelligente des composants \u00e9lectroniques pour optimiser la consommation \u00e9nerg\u00e9tique. Sa fabrication robuste garantit une durabilit\u00e9 et une fiabilit\u00e9 accrues. Facile \u00e0 installer, il permet un remplacement rapide en cas de panne. Un \u00e9l\u00e9ment cl\u00e9 pour maintenir la performance de votre chaudi\u00e8re Junkers.<\/p>","protected":false},"excerpt":{"rendered":"<p>Junkers circuit imprime ZWE-ZSE 24(28) 87483005570<\/p>","protected":false},"featured_media":21390,"comment_status":"open","ping_status":"closed","template":"","meta":[],"product_brand":[],"product_cat":[9485,8840],"product_tag":[],"class_list":{"0":"post-15127","1":"product","2":"type-product","3":"status-publish","4":"has-post-thumbnail","6":"product_cat-pieces-detachees-bosch","7":"product_cat-test","8":"pa_marque-junkers","10":"first","11":"instock","12":"sale","13":"taxable","14":"shipping-taxable","15":"purchasable","16":"product-type-simple"},"aioseo_notices":[],"_links":{"self":[{"href":"https:\/\/promochaudiere.be\/nl\/wp-json\/wp\/v2\/product\/15127","targetHints":{"allow":["GET"]}}],"collection":[{"href":"https:\/\/promochaudiere.be\/nl\/wp-json\/wp\/v2\/product"}],"about":[{"href":"https:\/\/promochaudiere.be\/nl\/wp-json\/wp\/v2\/types\/product"}],"replies":[{"embeddable":true,"href":"https:\/\/promochaudiere.be\/nl\/wp-json\/wp\/v2\/comments?post=15127"}],"version-history":[{"count":1,"href":"https:\/\/promochaudiere.be\/nl\/wp-json\/wp\/v2\/product\/15127\/revisions"}],"predecessor-version":[{"id":45076,"href":"https:\/\/promochaudiere.be\/nl\/wp-json\/wp\/v2\/product\/15127\/revisions\/45076"}],"wp:featuredmedia":[{"embeddable":true,"href":"https:\/\/promochaudiere.be\/nl\/wp-json\/wp\/v2\/media\/21390"}],"wp:attachment":[{"href":"https:\/\/promochaudiere.be\/nl\/wp-json\/wp\/v2\/media?parent=15127"}],"wp:term":[{"taxonomy":"product_brand","embeddable":true,"href":"https:\/\/promochaudiere.be\/nl\/wp-json\/wp\/v2\/product_brand?post=15127"},{"taxonomy":"product_cat","embeddable":true,"href":"https:\/\/promochaudiere.be\/nl\/wp-json\/wp\/v2\/product_cat?post=15127"},{"taxonomy":"product_tag","embeddable":true,"href":"https:\/\/promochaudiere.be\/nl\/wp-json\/wp\/v2\/product_tag?post=15127"}],"curies":[{"name":"wp","href":"https:\/\/api.w.org\/{rel}","templated":true}]}}