{"id":15131,"date":"2025-01-17T09:57:11","date_gmt":"2025-01-17T09:57:11","guid":{"rendered":"https:\/\/promochaudiere.be\/produit\/grundfos-pompe-cave-unilift-cc5m1-96280965\/"},"modified":"2026-02-03T18:16:06","modified_gmt":"2026-02-03T17:16:06","slug":"grundfos-pompe-cave-unilift-cc5m1-96280965","status":"publish","type":"product","link":"https:\/\/promochaudiere.be\/nl\/product\/grundfos-pompe-cave-unilift-cc5m1-96280965\/","title":{"rendered":"Grundfos Pompe cave unilift CC5M1 96280965"},"content":{"rendered":"<p>La pompe de cave Grundfos Unilift CC5M1 est sp\u00e9cialement con\u00e7ue pour l\u2019\u00e9vacuation des eaux claires et l\u00e9g\u00e8rement charg\u00e9es. Gr\u00e2ce \u00e0 son design compact et sa haute performance, elle est id\u00e9ale pour les caves, garages et zones inondables. Son moteur puissant assure un pompage efficace, m\u00eame en faible niveau d\u2019eau. Facile \u00e0 transporter et \u00e0 installer, elle est parfaite pour un usage domestique et professionnel. Une solution fiable pour pr\u00e9venir les d\u00e9g\u00e2ts li\u00e9s aux eaux stagnantes.<\/p>","protected":false},"excerpt":{"rendered":"<p>Grundfos Pompe cave unilift CC5M1 96280965<\/p>","protected":false},"featured_media":21402,"comment_status":"open","ping_status":"closed","template":"","meta":[],"product_brand":[],"product_cat":[298,8840],"product_tag":[],"class_list":{"0":"post-15131","1":"product","2":"type-product","3":"status-publish","4":"has-post-thumbnail","6":"product_cat-pompe","7":"product_cat-test","8":"pa_marque-grundfos","10":"first","11":"instock","12":"sale","13":"taxable","14":"shipping-taxable","15":"purchasable","16":"product-type-simple"},"aioseo_notices":[],"_links":{"self":[{"href":"https:\/\/promochaudiere.be\/nl\/wp-json\/wp\/v2\/product\/15131","targetHints":{"allow":["GET"]}}],"collection":[{"href":"https:\/\/promochaudiere.be\/nl\/wp-json\/wp\/v2\/product"}],"about":[{"href":"https:\/\/promochaudiere.be\/nl\/wp-json\/wp\/v2\/types\/product"}],"replies":[{"embeddable":true,"href":"https:\/\/promochaudiere.be\/nl\/wp-json\/wp\/v2\/comments?post=15131"}],"version-history":[{"count":1,"href":"https:\/\/promochaudiere.be\/nl\/wp-json\/wp\/v2\/product\/15131\/revisions"}],"predecessor-version":[{"id":45070,"href":"https:\/\/promochaudiere.be\/nl\/wp-json\/wp\/v2\/product\/15131\/revisions\/45070"}],"wp:featuredmedia":[{"embeddable":true,"href":"https:\/\/promochaudiere.be\/nl\/wp-json\/wp\/v2\/media\/21402"}],"wp:attachment":[{"href":"https:\/\/promochaudiere.be\/nl\/wp-json\/wp\/v2\/media?parent=15131"}],"wp:term":[{"taxonomy":"product_brand","embeddable":true,"href":"https:\/\/promochaudiere.be\/nl\/wp-json\/wp\/v2\/product_brand?post=15131"},{"taxonomy":"product_cat","embeddable":true,"href":"https:\/\/promochaudiere.be\/nl\/wp-json\/wp\/v2\/product_cat?post=15131"},{"taxonomy":"product_tag","embeddable":true,"href":"https:\/\/promochaudiere.be\/nl\/wp-json\/wp\/v2\/product_tag?post=15131"}],"curies":[{"name":"wp","href":"https:\/\/api.w.org\/{rel}","templated":true}]}}