{"id":15136,"date":"2025-01-17T09:57:14","date_gmt":"2025-01-17T09:57:14","guid":{"rendered":"https:\/\/promochaudiere.be\/produit\/bulex-pompe-sanitaire-isotwin-25-30-35-35-0020111412\/"},"modified":"2026-02-03T18:16:15","modified_gmt":"2026-02-03T17:16:15","slug":"bulex-pompe-sanitaire-isotwin-25-30-35-35-0020111412","status":"publish","type":"product","link":"https:\/\/promochaudiere.be\/nl\/product\/bulex-pompe-sanitaire-isotwin-25-30-35-35-0020111412\/","title":{"rendered":"Bulex pompe sanitaire Isotwin 25\/30-35\/35 0020111412"},"content":{"rendered":"<p>Cette pompe sanitaire Bulex assure une circulation efficace de l\u2019eau chaude pour garantir un confort optimal. Son moteur basse consommation r\u00e9duit les d\u00e9penses \u00e9nerg\u00e9tiques. Facile \u00e0 installer, elle s\u2019adapte parfaitement aux chaudi\u00e8res Isotwin. Un composant essentiel pour optimiser le rendement du chauffage et de l\u2019eau chaude sanitaire.<\/p>","protected":false},"excerpt":{"rendered":"<p>Bulex pompe sanitaire Isotwin 25\/30-35\/35 0020111412<\/p>","protected":false},"featured_media":21946,"comment_status":"open","ping_status":"closed","template":"","meta":[],"product_brand":[],"product_cat":[9507,8840],"product_tag":[],"class_list":{"0":"post-15136","1":"product","2":"type-product","3":"status-publish","4":"has-post-thumbnail","6":"product_cat-pieces-detachees-bulex","7":"product_cat-test","8":"pa_marque-bulex","10":"first","11":"instock","12":"sale","13":"taxable","14":"shipping-taxable","15":"purchasable","16":"product-type-simple"},"aioseo_notices":[],"_links":{"self":[{"href":"https:\/\/promochaudiere.be\/nl\/wp-json\/wp\/v2\/product\/15136","targetHints":{"allow":["GET"]}}],"collection":[{"href":"https:\/\/promochaudiere.be\/nl\/wp-json\/wp\/v2\/product"}],"about":[{"href":"https:\/\/promochaudiere.be\/nl\/wp-json\/wp\/v2\/types\/product"}],"replies":[{"embeddable":true,"href":"https:\/\/promochaudiere.be\/nl\/wp-json\/wp\/v2\/comments?post=15136"}],"version-history":[{"count":1,"href":"https:\/\/promochaudiere.be\/nl\/wp-json\/wp\/v2\/product\/15136\/revisions"}],"predecessor-version":[{"id":45065,"href":"https:\/\/promochaudiere.be\/nl\/wp-json\/wp\/v2\/product\/15136\/revisions\/45065"}],"wp:featuredmedia":[{"embeddable":true,"href":"https:\/\/promochaudiere.be\/nl\/wp-json\/wp\/v2\/media\/21946"}],"wp:attachment":[{"href":"https:\/\/promochaudiere.be\/nl\/wp-json\/wp\/v2\/media?parent=15136"}],"wp:term":[{"taxonomy":"product_brand","embeddable":true,"href":"https:\/\/promochaudiere.be\/nl\/wp-json\/wp\/v2\/product_brand?post=15136"},{"taxonomy":"product_cat","embeddable":true,"href":"https:\/\/promochaudiere.be\/nl\/wp-json\/wp\/v2\/product_cat?post=15136"},{"taxonomy":"product_tag","embeddable":true,"href":"https:\/\/promochaudiere.be\/nl\/wp-json\/wp\/v2\/product_tag?post=15136"}],"curies":[{"name":"wp","href":"https:\/\/api.w.org\/{rel}","templated":true}]}}