{"id":15139,"date":"2025-01-17T09:57:15","date_gmt":"2025-01-17T09:57:15","guid":{"rendered":"https:\/\/promochaudiere.be\/produit\/d-radiateur-uni-822-h600-l1200-2016w-22060120sp0810\/"},"modified":"2026-02-03T18:16:14","modified_gmt":"2026-02-03T17:16:14","slug":"d-radiateur-uni-822-h600-l1200-2016w-22060120sp0810","status":"publish","type":"product","link":"https:\/\/promochaudiere.be\/nl\/product\/d-radiateur-uni-822-h600-l1200-2016w-22060120sp0810\/","title":{"rendered":"D-radiateur uni.822-H600-L1200 2016W 22060120SP0810"},"content":{"rendered":"<p>Ce radiateur performant assure un chauffage rapide et homog\u00e8ne des espaces int\u00e9rieurs. Son design compact et \u00e9l\u00e9gant s\u2019int\u00e8gre facilement \u00e0 tous types de d\u00e9cors. Sa puissance de 2016W garantit un excellent confort thermique. Facile \u00e0 installer, il est compatible avec diff\u00e9rents syst\u00e8mes de chauffage central. Son rev\u00eatement de qualit\u00e9 assure une r\u00e9sistance optimale \u00e0 l\u2019usure. Un choix parfait pour un chauffage efficace et durable.<\/p>","protected":false},"excerpt":{"rendered":"<p><strong>Caract\u00e9ristiques:<\/strong><\/p>\n<ul>\n<li>Type: 22<\/li>\n<li>Hauteur: 600 mm<\/li>\n<li>Largeur: 1200 mm<\/li>\n<li>Puissance: 2016w<\/li>\n<\/ul>","protected":false},"featured_media":22293,"comment_status":"open","ping_status":"closed","template":"","meta":[],"product_brand":[],"product_cat":[568],"product_tag":[],"class_list":{"0":"post-15139","1":"product","2":"type-product","3":"status-publish","4":"has-post-thumbnail","6":"product_cat-radiateurs-horizontaux","8":"first","9":"instock","10":"sale","11":"taxable","12":"shipping-taxable","13":"purchasable","14":"product-type-simple"},"aioseo_notices":[],"_links":{"self":[{"href":"https:\/\/promochaudiere.be\/nl\/wp-json\/wp\/v2\/product\/15139","targetHints":{"allow":["GET"]}}],"collection":[{"href":"https:\/\/promochaudiere.be\/nl\/wp-json\/wp\/v2\/product"}],"about":[{"href":"https:\/\/promochaudiere.be\/nl\/wp-json\/wp\/v2\/types\/product"}],"replies":[{"embeddable":true,"href":"https:\/\/promochaudiere.be\/nl\/wp-json\/wp\/v2\/comments?post=15139"}],"version-history":[{"count":2,"href":"https:\/\/promochaudiere.be\/nl\/wp-json\/wp\/v2\/product\/15139\/revisions"}],"predecessor-version":[{"id":52878,"href":"https:\/\/promochaudiere.be\/nl\/wp-json\/wp\/v2\/product\/15139\/revisions\/52878"}],"wp:featuredmedia":[{"embeddable":true,"href":"https:\/\/promochaudiere.be\/nl\/wp-json\/wp\/v2\/media\/22293"}],"wp:attachment":[{"href":"https:\/\/promochaudiere.be\/nl\/wp-json\/wp\/v2\/media?parent=15139"}],"wp:term":[{"taxonomy":"product_brand","embeddable":true,"href":"https:\/\/promochaudiere.be\/nl\/wp-json\/wp\/v2\/product_brand?post=15139"},{"taxonomy":"product_cat","embeddable":true,"href":"https:\/\/promochaudiere.be\/nl\/wp-json\/wp\/v2\/product_cat?post=15139"},{"taxonomy":"product_tag","embeddable":true,"href":"https:\/\/promochaudiere.be\/nl\/wp-json\/wp\/v2\/product_tag?post=15139"}],"curies":[{"name":"wp","href":"https:\/\/api.w.org\/{rel}","templated":true}]}}