{"id":15146,"date":"2025-01-17T09:57:18","date_gmt":"2025-01-17T09:57:18","guid":{"rendered":"https:\/\/promochaudiere.be\/produit\/panneau-frontal-line-pour-d-radiateur-uni-8-700-2000-ral-9016-zdcl07020010k\/"},"modified":"2026-02-03T18:16:14","modified_gmt":"2026-02-03T17:16:14","slug":"panneau-frontal-line-pour-d-radiateur-uni-8-700-2000-ral-9016-zdcl07020010k","status":"publish","type":"product","link":"https:\/\/promochaudiere.be\/nl\/product\/panneau-frontal-line-pour-d-radiateur-uni-8-700-2000-ral-9016-zdcl07020010k\/","title":{"rendered":"PANNEAU FRONTAL LINE POUR D-RADIATEUR UNI.8 700 2000 RAL 9016 ZDCL07020010K"},"content":{"rendered":"<p>Le panneau frontal Line est un \u00e9l\u00e9ment esth\u00e9tique et fonctionnel qui compl\u00e8te le design de ce radiateur. Ce panneau frontal conf\u00e8re une finition moderne et \u00e9l\u00e9gante, tout en optimisant la circulation de l&rsquo;air pour am\u00e9liorer la diffusion de la chaleur. Con\u00e7u pour s&rsquo;adapter parfaitement aux radiateurs D-Radiator UNI.8, il garantit une int\u00e9gration parfaite dans votre int\u00e9rieur, tout en maintenant une performance thermique optimale. Fabriqu\u00e9 \u00e0 partir de mat\u00e9riaux durables et r\u00e9sistants, le panneau Line combine \u00e0 la fois style et fonctionnalit\u00e9, ajoutant une touche contemporaine \u00e0 votre syst\u00e8me de chauffage tout en offrant une efficacit\u00e9 \u00e9nerg\u00e9tique de haute qualit\u00e9.<\/p>","protected":false},"excerpt":{"rendered":"<p>PANNEAU FRONTAL LINE POUR D-RADIATEUR UNI.8 700 2000 RAL 9016 ZDCL07020010K<\/p>","protected":false},"featured_media":21134,"comment_status":"open","ping_status":"closed","template":"","meta":[],"product_brand":[],"product_cat":[9818],"product_tag":[],"class_list":{"0":"post-15146","1":"product","2":"type-product","3":"status-publish","4":"has-post-thumbnail","6":"product_cat-face-avant-line-pour-radiateur-uni-8","7":"pa_marque-omni-8","9":"first","10":"instock","11":"sale","12":"taxable","13":"shipping-taxable","14":"purchasable","15":"product-type-simple"},"aioseo_notices":[],"_links":{"self":[{"href":"https:\/\/promochaudiere.be\/nl\/wp-json\/wp\/v2\/product\/15146","targetHints":{"allow":["GET"]}}],"collection":[{"href":"https:\/\/promochaudiere.be\/nl\/wp-json\/wp\/v2\/product"}],"about":[{"href":"https:\/\/promochaudiere.be\/nl\/wp-json\/wp\/v2\/types\/product"}],"replies":[{"embeddable":true,"href":"https:\/\/promochaudiere.be\/nl\/wp-json\/wp\/v2\/comments?post=15146"}],"version-history":[{"count":1,"href":"https:\/\/promochaudiere.be\/nl\/wp-json\/wp\/v2\/product\/15146\/revisions"}],"predecessor-version":[{"id":45058,"href":"https:\/\/promochaudiere.be\/nl\/wp-json\/wp\/v2\/product\/15146\/revisions\/45058"}],"wp:featuredmedia":[{"embeddable":true,"href":"https:\/\/promochaudiere.be\/nl\/wp-json\/wp\/v2\/media\/21134"}],"wp:attachment":[{"href":"https:\/\/promochaudiere.be\/nl\/wp-json\/wp\/v2\/media?parent=15146"}],"wp:term":[{"taxonomy":"product_brand","embeddable":true,"href":"https:\/\/promochaudiere.be\/nl\/wp-json\/wp\/v2\/product_brand?post=15146"},{"taxonomy":"product_cat","embeddable":true,"href":"https:\/\/promochaudiere.be\/nl\/wp-json\/wp\/v2\/product_cat?post=15146"},{"taxonomy":"product_tag","embeddable":true,"href":"https:\/\/promochaudiere.be\/nl\/wp-json\/wp\/v2\/product_tag?post=15146"}],"curies":[{"name":"wp","href":"https:\/\/api.w.org\/{rel}","templated":true}]}}