{"id":15148,"date":"2025-01-17T09:57:19","date_gmt":"2025-01-17T09:57:19","guid":{"rendered":"https:\/\/promochaudiere.be\/produit\/tempolec-module-multizone-mz004\/"},"modified":"2026-02-03T19:40:06","modified_gmt":"2026-02-03T18:40:06","slug":"tempolec-module-multizone-mz004","status":"publish","type":"product","link":"https:\/\/promochaudiere.be\/nl\/product\/tempolec-module-multizone-mz004\/","title":{"rendered":"Tempolec module Multizone MZ004"},"content":{"rendered":"<p>Ce module Multizone Tempolec permet de r\u00e9guler plusieurs zones de chauffage ind\u00e9pendamment. Il optimise la gestion thermique et r\u00e9duit la consommation \u00e9nerg\u00e9tique. Facile \u00e0 installer, il s\u2019int\u00e8gre aux syst\u00e8mes de chauffage existants. Son interface intuitive facilite le param\u00e9trage. Id\u00e9al pour une gestion avanc\u00e9e du chauffage. Un accessoire indispensable pour un confort thermique intelligent.<\/p>","protected":false},"excerpt":{"rendered":"<p>Tempolec module Multizone MZ004<\/p>","protected":false},"featured_media":22248,"comment_status":"open","ping_status":"closed","template":"","meta":[],"product_brand":[],"product_cat":[8840,5539],"product_tag":[],"class_list":{"0":"post-15148","1":"product","2":"type-product","3":"status-publish","4":"has-post-thumbnail","6":"product_cat-test","7":"product_cat-thermostat-tempolec","8":"pa_marque-tempolec","10":"first","11":"instock","12":"sale","13":"taxable","14":"shipping-taxable","15":"purchasable","16":"product-type-simple"},"aioseo_notices":[],"_links":{"self":[{"href":"https:\/\/promochaudiere.be\/nl\/wp-json\/wp\/v2\/product\/15148","targetHints":{"allow":["GET"]}}],"collection":[{"href":"https:\/\/promochaudiere.be\/nl\/wp-json\/wp\/v2\/product"}],"about":[{"href":"https:\/\/promochaudiere.be\/nl\/wp-json\/wp\/v2\/types\/product"}],"replies":[{"embeddable":true,"href":"https:\/\/promochaudiere.be\/nl\/wp-json\/wp\/v2\/comments?post=15148"}],"version-history":[{"count":1,"href":"https:\/\/promochaudiere.be\/nl\/wp-json\/wp\/v2\/product\/15148\/revisions"}],"predecessor-version":[{"id":52876,"href":"https:\/\/promochaudiere.be\/nl\/wp-json\/wp\/v2\/product\/15148\/revisions\/52876"}],"wp:featuredmedia":[{"embeddable":true,"href":"https:\/\/promochaudiere.be\/nl\/wp-json\/wp\/v2\/media\/22248"}],"wp:attachment":[{"href":"https:\/\/promochaudiere.be\/nl\/wp-json\/wp\/v2\/media?parent=15148"}],"wp:term":[{"taxonomy":"product_brand","embeddable":true,"href":"https:\/\/promochaudiere.be\/nl\/wp-json\/wp\/v2\/product_brand?post=15148"},{"taxonomy":"product_cat","embeddable":true,"href":"https:\/\/promochaudiere.be\/nl\/wp-json\/wp\/v2\/product_cat?post=15148"},{"taxonomy":"product_tag","embeddable":true,"href":"https:\/\/promochaudiere.be\/nl\/wp-json\/wp\/v2\/product_tag?post=15148"}],"curies":[{"name":"wp","href":"https:\/\/api.w.org\/{rel}","templated":true}]}}