{"id":15154,"date":"2025-01-17T09:57:21","date_gmt":"2025-01-17T09:57:21","guid":{"rendered":"https:\/\/promochaudiere.be\/produit\/zehnder-ventilateur-comfo-d-350-400200010\/"},"modified":"2026-02-03T18:16:15","modified_gmt":"2026-02-03T17:16:15","slug":"zehnder-ventilateur-comfo-d-350-400200010","status":"publish","type":"product","link":"https:\/\/promochaudiere.be\/nl\/product\/zehnder-ventilateur-comfo-d-350-400200010\/","title":{"rendered":"Zehnder ventilateur comfo D 350 400200010"},"content":{"rendered":"<p>Ce ventilateur Zehnder Comfo D 350 est con\u00e7u pour assurer une extraction et une distribution d\u2019air efficaces. Son moteur haute performance r\u00e9duit la consommation \u00e9nerg\u00e9tique. Facile \u00e0 poser, il am\u00e9liore la qualit\u00e9 de l\u2019air int\u00e9rieur. Id\u00e9al pour une ventilation \u00e9quilibr\u00e9e et homog\u00e8ne.<\/p>","protected":false},"excerpt":{"rendered":"<p>Zehnder ventilateur comfo D 350 400200010<\/p>","protected":false},"featured_media":20703,"comment_status":"open","ping_status":"closed","template":"","meta":[],"product_brand":[],"product_cat":[10891],"product_tag":[],"class_list":{"0":"post-15154","1":"product","2":"type-product","3":"status-publish","4":"has-post-thumbnail","6":"product_cat-pieces-detachees-zehnder","7":"pa_marque-zehnder","9":"first","10":"instock","11":"sale","12":"taxable","13":"shipping-taxable","14":"purchasable","15":"product-type-simple"},"aioseo_notices":[],"_links":{"self":[{"href":"https:\/\/promochaudiere.be\/nl\/wp-json\/wp\/v2\/product\/15154","targetHints":{"allow":["GET"]}}],"collection":[{"href":"https:\/\/promochaudiere.be\/nl\/wp-json\/wp\/v2\/product"}],"about":[{"href":"https:\/\/promochaudiere.be\/nl\/wp-json\/wp\/v2\/types\/product"}],"replies":[{"embeddable":true,"href":"https:\/\/promochaudiere.be\/nl\/wp-json\/wp\/v2\/comments?post=15154"}],"version-history":[{"count":1,"href":"https:\/\/promochaudiere.be\/nl\/wp-json\/wp\/v2\/product\/15154\/revisions"}],"predecessor-version":[{"id":52873,"href":"https:\/\/promochaudiere.be\/nl\/wp-json\/wp\/v2\/product\/15154\/revisions\/52873"}],"wp:featuredmedia":[{"embeddable":true,"href":"https:\/\/promochaudiere.be\/nl\/wp-json\/wp\/v2\/media\/20703"}],"wp:attachment":[{"href":"https:\/\/promochaudiere.be\/nl\/wp-json\/wp\/v2\/media?parent=15154"}],"wp:term":[{"taxonomy":"product_brand","embeddable":true,"href":"https:\/\/promochaudiere.be\/nl\/wp-json\/wp\/v2\/product_brand?post=15154"},{"taxonomy":"product_cat","embeddable":true,"href":"https:\/\/promochaudiere.be\/nl\/wp-json\/wp\/v2\/product_cat?post=15154"},{"taxonomy":"product_tag","embeddable":true,"href":"https:\/\/promochaudiere.be\/nl\/wp-json\/wp\/v2\/product_tag?post=15154"}],"curies":[{"name":"wp","href":"https:\/\/api.w.org\/{rel}","templated":true}]}}