{"id":15169,"date":"2025-01-17T09:57:28","date_gmt":"2025-01-17T09:57:28","guid":{"rendered":"https:\/\/promochaudiere.be\/produit\/ariston-boiler-electrique-andris-lux-10l-pour-dessous-classe-erp-a-tap-xxs-3100907\/"},"modified":"2026-02-03T19:40:07","modified_gmt":"2026-02-03T18:40:07","slug":"ariston-boiler-electrique-andris-lux-10l-pour-dessous-classe-erp-a-tap-xxs-3100907","status":"publish","type":"product","link":"https:\/\/promochaudiere.be\/nl\/product\/ariston-boiler-electrique-andris-lux-10l-pour-dessous-classe-erp-a-tap-xxs-3100907\/","title":{"rendered":"ARISTON BOILER ELECTRIQUE ANDRIS LUX 10L POUR DESSOUS CLASSE ERP A TAP XXS 3100907"},"content":{"rendered":"<p>Le chauffe-eau \u00e9lectrique Ariston est con\u00e7u pour offrir un confort optimal dans les espaces les plus exigus. Gr\u00e2ce \u00e0 son design compact, il s&rsquo;installe facilement sous un \u00e9vier, ce qui le rend parfait pour les petites cuisines ou espaces restreints. Dot\u00e9 d&rsquo;une classe \u00e9nerg\u00e9tique ErP A, ce mod\u00e8le garantit une consommation r\u00e9duite, contribuant \u00e0 des \u00e9conomies d&rsquo;\u00e9nergie. Sa cuve de 10 litres est id\u00e9ale pour des usages ponctuels, tout en assurant une disponibilit\u00e9 rapide d&rsquo;eau chaude. Avec son thermostat de pr\u00e9cision et sa r\u00e9sistance durable, il combine fiabilit\u00e9 et performance.<\/p>","protected":false},"excerpt":{"rendered":"<p>ARISTON BOILER ELECTRIQUE ANDRIS LUX 10L POUR DESSOUS CLASSE ERP A TAP XXS 3100907<\/p>","protected":false},"featured_media":21327,"comment_status":"open","ping_status":"closed","template":"","meta":[],"product_brand":[],"product_cat":[538,8840],"product_tag":[],"class_list":{"0":"post-15169","1":"product","2":"type-product","3":"status-publish","4":"has-post-thumbnail","6":"product_cat-boiler-ariston","7":"product_cat-test","8":"pa_marque-ariston","10":"first","11":"instock","12":"sale","13":"taxable","14":"shipping-taxable","15":"purchasable","16":"product-type-simple"},"aioseo_notices":[],"_links":{"self":[{"href":"https:\/\/promochaudiere.be\/nl\/wp-json\/wp\/v2\/product\/15169","targetHints":{"allow":["GET"]}}],"collection":[{"href":"https:\/\/promochaudiere.be\/nl\/wp-json\/wp\/v2\/product"}],"about":[{"href":"https:\/\/promochaudiere.be\/nl\/wp-json\/wp\/v2\/types\/product"}],"replies":[{"embeddable":true,"href":"https:\/\/promochaudiere.be\/nl\/wp-json\/wp\/v2\/comments?post=15169"}],"version-history":[{"count":1,"href":"https:\/\/promochaudiere.be\/nl\/wp-json\/wp\/v2\/product\/15169\/revisions"}],"predecessor-version":[{"id":45038,"href":"https:\/\/promochaudiere.be\/nl\/wp-json\/wp\/v2\/product\/15169\/revisions\/45038"}],"wp:featuredmedia":[{"embeddable":true,"href":"https:\/\/promochaudiere.be\/nl\/wp-json\/wp\/v2\/media\/21327"}],"wp:attachment":[{"href":"https:\/\/promochaudiere.be\/nl\/wp-json\/wp\/v2\/media?parent=15169"}],"wp:term":[{"taxonomy":"product_brand","embeddable":true,"href":"https:\/\/promochaudiere.be\/nl\/wp-json\/wp\/v2\/product_brand?post=15169"},{"taxonomy":"product_cat","embeddable":true,"href":"https:\/\/promochaudiere.be\/nl\/wp-json\/wp\/v2\/product_cat?post=15169"},{"taxonomy":"product_tag","embeddable":true,"href":"https:\/\/promochaudiere.be\/nl\/wp-json\/wp\/v2\/product_tag?post=15169"}],"curies":[{"name":"wp","href":"https:\/\/api.w.org\/{rel}","templated":true}]}}