{"id":15171,"date":"2025-01-17T09:57:28","date_gmt":"2025-01-17T09:57:28","guid":{"rendered":"https:\/\/promochaudiere.be\/produit\/vaillant-pompe-0020221616\/"},"modified":"2026-02-03T18:16:16","modified_gmt":"2026-02-03T17:16:16","slug":"vaillant-pompe-0020221616","status":"publish","type":"product","link":"https:\/\/promochaudiere.be\/nl\/product\/vaillant-pompe-0020221616\/","title":{"rendered":"Vaillant Pompe 0020221616"},"content":{"rendered":"<p>Cette pompe de circulation Vaillant est con\u00e7ue pour assurer un d\u00e9bit constant et r\u00e9gulier dans les installations de chauffage central. Elle garantit un confort thermique optimal.<\/p>","protected":false},"excerpt":{"rendered":"<p>Vaillant Pompe 0020221616<\/p>","protected":false},"featured_media":21941,"comment_status":"open","ping_status":"closed","template":"","meta":[],"product_brand":[],"product_cat":[8917,8840],"product_tag":[],"class_list":{"0":"post-15171","1":"product","2":"type-product","3":"status-publish","4":"has-post-thumbnail","6":"product_cat-pieces-detachees-vaillant","7":"product_cat-test","8":"pa_marque-vaillant","10":"first","11":"instock","12":"sale","13":"taxable","14":"shipping-taxable","15":"purchasable","16":"product-type-simple"},"aioseo_notices":[],"_links":{"self":[{"href":"https:\/\/promochaudiere.be\/nl\/wp-json\/wp\/v2\/product\/15171","targetHints":{"allow":["GET"]}}],"collection":[{"href":"https:\/\/promochaudiere.be\/nl\/wp-json\/wp\/v2\/product"}],"about":[{"href":"https:\/\/promochaudiere.be\/nl\/wp-json\/wp\/v2\/types\/product"}],"replies":[{"embeddable":true,"href":"https:\/\/promochaudiere.be\/nl\/wp-json\/wp\/v2\/comments?post=15171"}],"version-history":[{"count":1,"href":"https:\/\/promochaudiere.be\/nl\/wp-json\/wp\/v2\/product\/15171\/revisions"}],"predecessor-version":[{"id":52871,"href":"https:\/\/promochaudiere.be\/nl\/wp-json\/wp\/v2\/product\/15171\/revisions\/52871"}],"wp:featuredmedia":[{"embeddable":true,"href":"https:\/\/promochaudiere.be\/nl\/wp-json\/wp\/v2\/media\/21941"}],"wp:attachment":[{"href":"https:\/\/promochaudiere.be\/nl\/wp-json\/wp\/v2\/media?parent=15171"}],"wp:term":[{"taxonomy":"product_brand","embeddable":true,"href":"https:\/\/promochaudiere.be\/nl\/wp-json\/wp\/v2\/product_brand?post=15171"},{"taxonomy":"product_cat","embeddable":true,"href":"https:\/\/promochaudiere.be\/nl\/wp-json\/wp\/v2\/product_cat?post=15171"},{"taxonomy":"product_tag","embeddable":true,"href":"https:\/\/promochaudiere.be\/nl\/wp-json\/wp\/v2\/product_tag?post=15171"}],"curies":[{"name":"wp","href":"https:\/\/api.w.org\/{rel}","templated":true}]}}