{"id":15173,"date":"2025-01-17T09:57:29","date_gmt":"2025-01-17T09:57:29","guid":{"rendered":"https:\/\/promochaudiere.be\/produit\/bulex-echangeur-sanitaire-a000035129\/"},"modified":"2026-02-03T18:16:18","modified_gmt":"2026-02-03T17:16:18","slug":"bulex-echangeur-sanitaire-a000035129","status":"publish","type":"product","link":"https:\/\/promochaudiere.be\/nl\/product\/bulex-echangeur-sanitaire-a000035129\/","title":{"rendered":"Bulex \u00c9changeur sanitaire A000035129"},"content":{"rendered":"<p>L\u2019\u00e9changeur sanitaire Bulex est con\u00e7u pour optimiser la production d\u2019eau chaude en assurant un transfert thermique efficace. Il permet de chauffer l\u2019eau rapidement tout en r\u00e9duisant la consommation \u00e9nerg\u00e9tique. Sa conception robuste garantit une excellente durabilit\u00e9. Compatible avec plusieurs mod\u00e8les de chaudi\u00e8res Bulex, il est facile \u00e0 installer. Un accessoire indispensable pour assurer un confort thermique optimal dans votre habitation.<\/p>","protected":false},"excerpt":{"rendered":"<p>Bulex \u00c9changeur sanitaire A000035129<\/p>","protected":false},"featured_media":21422,"comment_status":"open","ping_status":"closed","template":"","meta":[],"product_brand":[],"product_cat":[9507,8840],"product_tag":[],"class_list":{"0":"post-15173","1":"product","2":"type-product","3":"status-publish","4":"has-post-thumbnail","6":"product_cat-pieces-detachees-bulex","7":"product_cat-test","8":"pa_marque-bulex","10":"first","11":"instock","12":"sale","13":"taxable","14":"shipping-taxable","15":"purchasable","16":"product-type-simple"},"aioseo_notices":[],"_links":{"self":[{"href":"https:\/\/promochaudiere.be\/nl\/wp-json\/wp\/v2\/product\/15173","targetHints":{"allow":["GET"]}}],"collection":[{"href":"https:\/\/promochaudiere.be\/nl\/wp-json\/wp\/v2\/product"}],"about":[{"href":"https:\/\/promochaudiere.be\/nl\/wp-json\/wp\/v2\/types\/product"}],"replies":[{"embeddable":true,"href":"https:\/\/promochaudiere.be\/nl\/wp-json\/wp\/v2\/comments?post=15173"}],"version-history":[{"count":1,"href":"https:\/\/promochaudiere.be\/nl\/wp-json\/wp\/v2\/product\/15173\/revisions"}],"predecessor-version":[{"id":45036,"href":"https:\/\/promochaudiere.be\/nl\/wp-json\/wp\/v2\/product\/15173\/revisions\/45036"}],"wp:featuredmedia":[{"embeddable":true,"href":"https:\/\/promochaudiere.be\/nl\/wp-json\/wp\/v2\/media\/21422"}],"wp:attachment":[{"href":"https:\/\/promochaudiere.be\/nl\/wp-json\/wp\/v2\/media?parent=15173"}],"wp:term":[{"taxonomy":"product_brand","embeddable":true,"href":"https:\/\/promochaudiere.be\/nl\/wp-json\/wp\/v2\/product_brand?post=15173"},{"taxonomy":"product_cat","embeddable":true,"href":"https:\/\/promochaudiere.be\/nl\/wp-json\/wp\/v2\/product_cat?post=15173"},{"taxonomy":"product_tag","embeddable":true,"href":"https:\/\/promochaudiere.be\/nl\/wp-json\/wp\/v2\/product_tag?post=15173"}],"curies":[{"name":"wp","href":"https:\/\/api.w.org\/{rel}","templated":true}]}}