{"id":15178,"date":"2025-01-17T09:57:31","date_gmt":"2025-01-17T09:57:31","guid":{"rendered":"https:\/\/promochaudiere.be\/produit\/dab-pompe-submersible-drenag-300m-a-inox-60114689\/"},"modified":"2026-02-03T18:16:17","modified_gmt":"2026-02-03T17:16:17","slug":"dab-pompe-submersible-drenag-300m-a-inox-60114689","status":"publish","type":"product","link":"https:\/\/promochaudiere.be\/product\/dab-pompe-submersible-drenag-300m-a-inox-60114689\/","title":{"rendered":"DAB Pompe submersible DRENAG 300M-A inox 60114689"},"content":{"rendered":"<p>Cette pompe submersible DAB Drenag 300M-A en acier inoxydable est id\u00e9ale pour le drainage des eaux claires et l\u00e9g\u00e8rement charg\u00e9es. Gr\u00e2ce \u00e0 sa conception robuste, elle r\u00e9siste \u00e0 la corrosion et assure une performance optimale m\u00eame en usage intensif. Son moteur puissant permet une \u00e9vacuation rapide et efficace. Une solution parfaite pour les applications domestiques et industrielles.<\/p>","protected":false},"excerpt":{"rendered":"<p>DAB Pompe submersible DRENAG 300M-A inox 60114689<\/p>","protected":false},"featured_media":21947,"comment_status":"open","ping_status":"closed","template":"","meta":[],"product_brand":[],"product_cat":[298,8840],"product_tag":[],"class_list":{"0":"post-15178","1":"product","2":"type-product","3":"status-publish","4":"has-post-thumbnail","6":"product_cat-pompe","7":"product_cat-test","8":"pa_marque-dab","10":"first","11":"instock","12":"sale","13":"taxable","14":"shipping-taxable","15":"purchasable","16":"product-type-simple"},"aioseo_notices":[],"_links":{"self":[{"href":"https:\/\/promochaudiere.be\/nl\/wp-json\/wp\/v2\/product\/15178","targetHints":{"allow":["GET"]}}],"collection":[{"href":"https:\/\/promochaudiere.be\/nl\/wp-json\/wp\/v2\/product"}],"about":[{"href":"https:\/\/promochaudiere.be\/nl\/wp-json\/wp\/v2\/types\/product"}],"replies":[{"embeddable":true,"href":"https:\/\/promochaudiere.be\/nl\/wp-json\/wp\/v2\/comments?post=15178"}],"version-history":[{"count":1,"href":"https:\/\/promochaudiere.be\/nl\/wp-json\/wp\/v2\/product\/15178\/revisions"}],"predecessor-version":[{"id":45031,"href":"https:\/\/promochaudiere.be\/nl\/wp-json\/wp\/v2\/product\/15178\/revisions\/45031"}],"wp:featuredmedia":[{"embeddable":true,"href":"https:\/\/promochaudiere.be\/nl\/wp-json\/wp\/v2\/media\/21947"}],"wp:attachment":[{"href":"https:\/\/promochaudiere.be\/nl\/wp-json\/wp\/v2\/media?parent=15178"}],"wp:term":[{"taxonomy":"product_brand","embeddable":true,"href":"https:\/\/promochaudiere.be\/nl\/wp-json\/wp\/v2\/product_brand?post=15178"},{"taxonomy":"product_cat","embeddable":true,"href":"https:\/\/promochaudiere.be\/nl\/wp-json\/wp\/v2\/product_cat?post=15178"},{"taxonomy":"product_tag","embeddable":true,"href":"https:\/\/promochaudiere.be\/nl\/wp-json\/wp\/v2\/product_tag?post=15178"}],"curies":[{"name":"wp","href":"https:\/\/api.w.org\/{rel}","templated":true}]}}