{"id":15180,"date":"2025-01-17T09:57:32","date_gmt":"2025-01-17T09:57:32","guid":{"rendered":"https:\/\/promochaudiere.be\/produit\/burgerhout-flexible-cheminee-pp-80mm-par-rouleau-15m-410086344\/"},"modified":"2026-02-03T18:16:21","modified_gmt":"2026-02-03T17:16:21","slug":"burgerhout-flexible-cheminee-pp-80mm-par-rouleau-15m-410086344","status":"publish","type":"product","link":"https:\/\/promochaudiere.be\/nl\/product\/burgerhout-flexible-cheminee-pp-80mm-par-rouleau-15m-410086344\/","title":{"rendered":"BURGERHOUT FLEXIBLE CHEMINEE PP 80MM PAR ROULEAU 15M 410086344"},"content":{"rendered":"<p>Ce conduit flexible en polypropyl\u00e8ne assure une \u00e9vacuation efficace des gaz de combustion des chaudi\u00e8res \u00e0 condensation.<\/p>","protected":false},"excerpt":{"rendered":"<p>BURGERHOUT FLEXIBLE CHEMINEE PP 80MM PAR ROULEAU 15M 410086344<\/p>","protected":false},"featured_media":22136,"comment_status":"open","ping_status":"closed","template":"","meta":[],"product_brand":[],"product_cat":[5543,8840],"product_tag":[],"class_list":{"0":"post-15180","1":"product","2":"type-product","3":"status-publish","4":"has-post-thumbnail","6":"product_cat-fumisterie-burgerhout","7":"product_cat-test","8":"pa_marque-burgerhout","10":"first","11":"instock","12":"sale","13":"taxable","14":"shipping-taxable","15":"purchasable","16":"product-type-simple"},"aioseo_notices":[],"_links":{"self":[{"href":"https:\/\/promochaudiere.be\/nl\/wp-json\/wp\/v2\/product\/15180","targetHints":{"allow":["GET"]}}],"collection":[{"href":"https:\/\/promochaudiere.be\/nl\/wp-json\/wp\/v2\/product"}],"about":[{"href":"https:\/\/promochaudiere.be\/nl\/wp-json\/wp\/v2\/types\/product"}],"replies":[{"embeddable":true,"href":"https:\/\/promochaudiere.be\/nl\/wp-json\/wp\/v2\/comments?post=15180"}],"version-history":[{"count":1,"href":"https:\/\/promochaudiere.be\/nl\/wp-json\/wp\/v2\/product\/15180\/revisions"}],"predecessor-version":[{"id":45028,"href":"https:\/\/promochaudiere.be\/nl\/wp-json\/wp\/v2\/product\/15180\/revisions\/45028"}],"wp:featuredmedia":[{"embeddable":true,"href":"https:\/\/promochaudiere.be\/nl\/wp-json\/wp\/v2\/media\/22136"}],"wp:attachment":[{"href":"https:\/\/promochaudiere.be\/nl\/wp-json\/wp\/v2\/media?parent=15180"}],"wp:term":[{"taxonomy":"product_brand","embeddable":true,"href":"https:\/\/promochaudiere.be\/nl\/wp-json\/wp\/v2\/product_brand?post=15180"},{"taxonomy":"product_cat","embeddable":true,"href":"https:\/\/promochaudiere.be\/nl\/wp-json\/wp\/v2\/product_cat?post=15180"},{"taxonomy":"product_tag","embeddable":true,"href":"https:\/\/promochaudiere.be\/nl\/wp-json\/wp\/v2\/product_tag?post=15180"}],"curies":[{"name":"wp","href":"https:\/\/api.w.org\/{rel}","templated":true}]}}