{"id":15184,"date":"2025-01-17T09:57:33","date_gmt":"2025-01-17T09:57:33","guid":{"rendered":"https:\/\/promochaudiere.be\/produit\/ultramax-sonde-a-imersion-mbus-dn15-561493194950\/"},"modified":"2025-12-17T12:03:30","modified_gmt":"2025-12-17T12:03:30","slug":"ultramax-sonde-a-imersion-mbus-dn15-561493194950","status":"publish","type":"product","link":"https:\/\/promochaudiere.be\/nl\/product\/ultramax-sonde-a-imersion-mbus-dn15-561493194950\/","title":{"rendered":"ULTRAMAX SONDE A IMERSION MBUS DN15 561493194950"},"content":{"rendered":"<p>Cette sonde \u00e0 immersion Ultramax est id\u00e9ale pour surveiller la temp\u00e9rature des circuits hydrauliques. Compatible avec les syst\u00e8mes MBUS DN15, elle assure une lecture pr\u00e9cise et fiable. Son installation rapide en fait un outil pratique pour les syst\u00e8mes de chauffage.<\/p>","protected":false},"excerpt":{"rendered":"<p>ULTRAMAX SONDE A IMERSION MBUS DN15 561493194950<\/p>","protected":false},"featured_media":21961,"comment_status":"open","ping_status":"closed","template":"","meta":[],"product_brand":[],"product_cat":[822,8840],"product_tag":[],"class_list":{"0":"post-15184","1":"product","2":"type-product","3":"status-publish","4":"has-post-thumbnail","6":"product_cat-accessoire","7":"product_cat-test","9":"first","10":"instock","11":"sale","12":"taxable","13":"shipping-taxable","14":"purchasable","15":"product-type-simple"},"aioseo_notices":[],"_links":{"self":[{"href":"https:\/\/promochaudiere.be\/nl\/wp-json\/wp\/v2\/product\/15184","targetHints":{"allow":["GET"]}}],"collection":[{"href":"https:\/\/promochaudiere.be\/nl\/wp-json\/wp\/v2\/product"}],"about":[{"href":"https:\/\/promochaudiere.be\/nl\/wp-json\/wp\/v2\/types\/product"}],"replies":[{"embeddable":true,"href":"https:\/\/promochaudiere.be\/nl\/wp-json\/wp\/v2\/comments?post=15184"}],"version-history":[{"count":1,"href":"https:\/\/promochaudiere.be\/nl\/wp-json\/wp\/v2\/product\/15184\/revisions"}],"predecessor-version":[{"id":52870,"href":"https:\/\/promochaudiere.be\/nl\/wp-json\/wp\/v2\/product\/15184\/revisions\/52870"}],"wp:featuredmedia":[{"embeddable":true,"href":"https:\/\/promochaudiere.be\/nl\/wp-json\/wp\/v2\/media\/21961"}],"wp:attachment":[{"href":"https:\/\/promochaudiere.be\/nl\/wp-json\/wp\/v2\/media?parent=15184"}],"wp:term":[{"taxonomy":"product_brand","embeddable":true,"href":"https:\/\/promochaudiere.be\/nl\/wp-json\/wp\/v2\/product_brand?post=15184"},{"taxonomy":"product_cat","embeddable":true,"href":"https:\/\/promochaudiere.be\/nl\/wp-json\/wp\/v2\/product_cat?post=15184"},{"taxonomy":"product_tag","embeddable":true,"href":"https:\/\/promochaudiere.be\/nl\/wp-json\/wp\/v2\/product_tag?post=15184"}],"curies":[{"name":"wp","href":"https:\/\/api.w.org\/{rel}","templated":true}]}}