{"id":15191,"date":"2025-01-17T09:57:36","date_gmt":"2025-01-17T09:57:36","guid":{"rendered":"https:\/\/promochaudiere.be\/produit\/bosch-pompe-ups-15-50-cacao-8737604215\/"},"modified":"2026-02-03T18:16:21","modified_gmt":"2026-02-03T17:16:21","slug":"bosch-pompe-ups-15-50-cacao-8737604215","status":"publish","type":"product","link":"https:\/\/promochaudiere.be\/nl\/product\/bosch-pompe-ups-15-50-cacao-8737604215\/","title":{"rendered":"BOSCH POMPE UPS 15-50 CACAO 8737604215"},"content":{"rendered":"<p>La pompe Bosch UPS 15-50 CACAO est sp\u00e9cialement con\u00e7ue pour garantir une circulation optimale de l\u2019eau dans les circuits de chauffage. Son moteur performant permet un fonctionnement silencieux et \u00e9conome en \u00e9nergie. Sa structure compacte facilite son installation et son int\u00e9gration dans diff\u00e9rents types de syst\u00e8mes. Fabriqu\u00e9e avec des mat\u00e9riaux de haute qualit\u00e9, elle assure une longue dur\u00e9e de vie. Un accessoire indispensable pour optimiser l\u2019efficacit\u00e9 et le rendement \u00e9nerg\u00e9tique de votre installation.<\/p>","protected":false},"excerpt":{"rendered":"<p>BOSCH POMPE UPS 15-50 CACAO 8737604215<\/p>","protected":false},"featured_media":21383,"comment_status":"open","ping_status":"closed","template":"","meta":[],"product_brand":[],"product_cat":[9485,8840],"product_tag":[],"class_list":{"0":"post-15191","1":"product","2":"type-product","3":"status-publish","4":"has-post-thumbnail","6":"product_cat-pieces-detachees-bosch","7":"product_cat-test","8":"pa_marque-bosch","10":"first","11":"instock","12":"sale","13":"taxable","14":"shipping-taxable","15":"purchasable","16":"product-type-simple"},"aioseo_notices":[],"_links":{"self":[{"href":"https:\/\/promochaudiere.be\/nl\/wp-json\/wp\/v2\/product\/15191","targetHints":{"allow":["GET"]}}],"collection":[{"href":"https:\/\/promochaudiere.be\/nl\/wp-json\/wp\/v2\/product"}],"about":[{"href":"https:\/\/promochaudiere.be\/nl\/wp-json\/wp\/v2\/types\/product"}],"replies":[{"embeddable":true,"href":"https:\/\/promochaudiere.be\/nl\/wp-json\/wp\/v2\/comments?post=15191"}],"version-history":[{"count":1,"href":"https:\/\/promochaudiere.be\/nl\/wp-json\/wp\/v2\/product\/15191\/revisions"}],"predecessor-version":[{"id":45020,"href":"https:\/\/promochaudiere.be\/nl\/wp-json\/wp\/v2\/product\/15191\/revisions\/45020"}],"wp:featuredmedia":[{"embeddable":true,"href":"https:\/\/promochaudiere.be\/nl\/wp-json\/wp\/v2\/media\/21383"}],"wp:attachment":[{"href":"https:\/\/promochaudiere.be\/nl\/wp-json\/wp\/v2\/media?parent=15191"}],"wp:term":[{"taxonomy":"product_brand","embeddable":true,"href":"https:\/\/promochaudiere.be\/nl\/wp-json\/wp\/v2\/product_brand?post=15191"},{"taxonomy":"product_cat","embeddable":true,"href":"https:\/\/promochaudiere.be\/nl\/wp-json\/wp\/v2\/product_cat?post=15191"},{"taxonomy":"product_tag","embeddable":true,"href":"https:\/\/promochaudiere.be\/nl\/wp-json\/wp\/v2\/product_tag?post=15191"}],"curies":[{"name":"wp","href":"https:\/\/api.w.org\/{rel}","templated":true}]}}