{"id":15192,"date":"2025-01-17T09:57:36","date_gmt":"2025-01-17T09:57:36","guid":{"rendered":"https:\/\/promochaudiere.be\/produit\/junkers-circulateur-ups-015-60-cacao-8737604214\/"},"modified":"2026-02-03T18:16:21","modified_gmt":"2026-02-03T17:16:21","slug":"junkers-circulateur-ups-015-60-cacao-8737604214","status":"publish","type":"product","link":"https:\/\/promochaudiere.be\/nl\/product\/junkers-circulateur-ups-015-60-cacao-8737604214\/","title":{"rendered":"JUNKERS CIRCULATEUR UPS 015-60 CACAO 8737604214"},"content":{"rendered":"<p>Le circulateur Junkers UPS 015-60 CACAO est con\u00e7u pour assurer une circulation fluide et efficace de l\u2019eau chaude dans votre installation. Gr\u00e2ce \u00e0 sa conception robuste et \u00e0 sa faible consommation \u00e9nerg\u00e9tique, il garantit un rendement optimal. Son installation rapide et intuitive permet de le remplacer facilement en cas de besoin. Compatible avec de nombreux mod\u00e8les Junkers, il assure un fonctionnement silencieux et durable. Un choix id\u00e9al pour une meilleure performance de votre chauffage.<\/p>","protected":false},"excerpt":{"rendered":"<p>JUNKERS CIRCULATEUR UPS 015-60 CACAO 8737604214<\/p>","protected":false},"featured_media":21576,"comment_status":"open","ping_status":"closed","template":"","meta":[],"product_brand":[],"product_cat":[9485,8840],"product_tag":[],"class_list":{"0":"post-15192","1":"product","2":"type-product","3":"status-publish","4":"has-post-thumbnail","6":"product_cat-pieces-detachees-bosch","7":"product_cat-test","8":"pa_marque-bosch","10":"first","11":"instock","12":"sale","13":"taxable","14":"shipping-taxable","15":"purchasable","16":"product-type-simple"},"aioseo_notices":[],"_links":{"self":[{"href":"https:\/\/promochaudiere.be\/nl\/wp-json\/wp\/v2\/product\/15192","targetHints":{"allow":["GET"]}}],"collection":[{"href":"https:\/\/promochaudiere.be\/nl\/wp-json\/wp\/v2\/product"}],"about":[{"href":"https:\/\/promochaudiere.be\/nl\/wp-json\/wp\/v2\/types\/product"}],"replies":[{"embeddable":true,"href":"https:\/\/promochaudiere.be\/nl\/wp-json\/wp\/v2\/comments?post=15192"}],"version-history":[{"count":1,"href":"https:\/\/promochaudiere.be\/nl\/wp-json\/wp\/v2\/product\/15192\/revisions"}],"predecessor-version":[{"id":45021,"href":"https:\/\/promochaudiere.be\/nl\/wp-json\/wp\/v2\/product\/15192\/revisions\/45021"}],"wp:featuredmedia":[{"embeddable":true,"href":"https:\/\/promochaudiere.be\/nl\/wp-json\/wp\/v2\/media\/21576"}],"wp:attachment":[{"href":"https:\/\/promochaudiere.be\/nl\/wp-json\/wp\/v2\/media?parent=15192"}],"wp:term":[{"taxonomy":"product_brand","embeddable":true,"href":"https:\/\/promochaudiere.be\/nl\/wp-json\/wp\/v2\/product_brand?post=15192"},{"taxonomy":"product_cat","embeddable":true,"href":"https:\/\/promochaudiere.be\/nl\/wp-json\/wp\/v2\/product_cat?post=15192"},{"taxonomy":"product_tag","embeddable":true,"href":"https:\/\/promochaudiere.be\/nl\/wp-json\/wp\/v2\/product_tag?post=15192"}],"curies":[{"name":"wp","href":"https:\/\/api.w.org\/{rel}","templated":true}]}}